{"id":6376,"date":"2025-01-10T11:00:53","date_gmt":"2025-01-10T10:00:53","guid":{"rendered":"https:\/\/compraencieza.es\/?post_type=product&#038;p=6376"},"modified":"2025-01-10T11:05:43","modified_gmt":"2025-01-10T10:05:43","slug":"hair-botox-reconstruction-kit","status":"publish","type":"product","link":"https:\/\/compraencieza.es\/en\/product\/hair-botox-reconstruction-kit\/","title":{"rendered":"Hair Botox Reconstruction Kit"},"content":{"rendered":"<div class=\"with-small-padding-bottom p-container\">\n<p><strong>Tratamiento<\/strong>\u00a0profesional para la\u00a0<strong>reconstrucci\u00f3n<\/strong>\u00a0del cabello da\u00f1ado a base de\u00a0<strong>Fitoqueratina<\/strong>,\u00a0<strong>Prote\u00ednas<\/strong>\u00a0y\u00a0<strong>Aceites Vegetales<\/strong>.<br \/>\n<strong>Protege<\/strong>\u00a0y\u00a0<strong>reconstruye<\/strong>\u00a0la fibra capilar estresada por coloraci\u00f3n, decoloraci\u00f3n y tratamientos qu\u00edmicos, penetrando profundamente en el cabello sin alterarlo.<br \/>\nDe este modo, el cabello queda\u00a0<strong>fortalecido<\/strong>,\u00a0<strong>brillante<\/strong>\u00a0y\u00a0<strong>sedoso<\/strong>\u00a0para un resultado duradero.<\/p>\n<p>\u2022\u00a0<strong>repara en profundidad el<\/strong>\u00a0cabello da\u00f1ado<br \/>\n\u2022\u00a0<strong>fortalece<\/strong>\u00a0y\u00a0<strong>protege<\/strong>\u00a0el cabello en toda su longitud<br \/>\n\u2022\u00a0<strong>elimina el encrespamiento<\/strong><br \/>\n\u2022\u00a0<strong>sella las puntas<\/strong><br \/>\nabiertas \u2022\u00a0<strong>conserva<\/strong>\u00a0el color<br \/>\n\u2022\u00a0<strong>VEGANO<\/strong><br \/>\n\u2022 CON GORRO TERMOACTIVO<\/p>\n<\/div>\n<p><strong class=\"uppercase color-dark\">C\u00f3mo aplicar:<\/strong>Mezcle 10 ml de MAKER con 15 ml de FORTIFIER en el vaso medidor adecuado. Despu\u00e9s de lavar tu cabello, aplica la mezcla sobre el cabello secado con toalla, de largos a puntas. Dejar actuar durante al menos 15 minutos envolviendo el cabello con el gorro termoactivo especial que amplifica los resultados del tratamiento. Enjuague bien y luego proceda con el peinado.<\/p>","protected":false},"excerpt":{"rendered":"<p>Tratamiento\u00a0profesional para la\u00a0reconstrucci\u00f3n\u00a0del cabello da\u00f1ado a base de\u00a0Fitoqueratina,\u00a0Prote\u00ednas\u00a0y\u00a0Aceites Vegetales. Protege\u00a0y\u00a0reconstruye\u00a0la fibra capilar estresada por coloraci\u00f3n, decoloraci\u00f3n y tratamientos qu\u00edmicos, penetrando profundamente en el cabello sin alterarlo. De este modo, el cabello queda\u00a0fortalecido,\u00a0brillante\u00a0y\u00a0sedoso\u00a0para un resultado duradero. \u2022\u00a0repara en profundidad el\u00a0cabello da\u00f1ado \u2022\u00a0fortalece\u00a0y\u00a0protege\u00a0el cabello en toda su longitud \u2022\u00a0elimina el encrespamiento \u2022\u00a0sella las puntas abiertas \u2022\u00a0conserva\u00a0el color [&hellip;]<\/p>","protected":false},"featured_media":6427,"comment_status":"open","ping_status":"closed","template":"","meta":{"_acf_changed":false,"inline_featured_image":false},"product_cat":[105],"product_tag":[],"genre":[],"class_list":{"0":"post-6376","1":"product","2":"type-product","3":"status-publish","4":"has-post-thumbnail","6":"product_cat-salud","8":"first","9":"instock","10":"taxable","11":"shipping-taxable","12":"purchasable","13":"product-type-simple","14":"add-to-wishlist-after_add_to_cart"},"acf":[],"_links":{"self":[{"href":"https:\/\/compraencieza.es\/en\/wp-json\/wp\/v2\/product\/6376","targetHints":{"allow":["GET"]}}],"collection":[{"href":"https:\/\/compraencieza.es\/en\/wp-json\/wp\/v2\/product"}],"about":[{"href":"https:\/\/compraencieza.es\/en\/wp-json\/wp\/v2\/types\/product"}],"replies":[{"embeddable":true,"href":"https:\/\/compraencieza.es\/en\/wp-json\/wp\/v2\/comments?post=6376"}],"wp:featuredmedia":[{"embeddable":true,"href":"https:\/\/compraencieza.es\/en\/wp-json\/wp\/v2\/media\/6427"}],"wp:attachment":[{"href":"https:\/\/compraencieza.es\/en\/wp-json\/wp\/v2\/media?parent=6376"}],"wp:term":[{"taxonomy":"product_cat","embeddable":true,"href":"https:\/\/compraencieza.es\/en\/wp-json\/wp\/v2\/product_cat?post=6376"},{"taxonomy":"product_tag","embeddable":true,"href":"https:\/\/compraencieza.es\/en\/wp-json\/wp\/v2\/product_tag?post=6376"},{"taxonomy":"product_brand","embeddable":true,"href":"https:\/\/compraencieza.es\/en\/wp-json\/wp\/v2\/genre?post=6376"}],"curies":[{"name":"wp","href":"https:\/\/api.w.org\/{rel}","templated":true}]}}