{"id":6383,"date":"2025-01-10T11:01:14","date_gmt":"2025-01-10T10:01:14","guid":{"rendered":"https:\/\/compraencieza.es\/?post_type=product&#038;p=6383"},"modified":"2025-01-10T11:05:43","modified_gmt":"2025-01-10T10:05:43","slug":"polvo-de-volumen-fijacion-4-skull-men","status":"publish","type":"product","link":"https:\/\/compraencieza.es\/en\/product\/polvo-de-volumen-fijacion-4-skull-men\/","title":{"rendered":"Polvo de Volumen Fijaci\u00f3n 4 Skull Men"},"content":{"rendered":"<p>Polvo matificador fuerte ultraligero Skull Men\u00a0 para texturizar el cabello con efecto mate. Control y separaci\u00f3n ligera, fijaci\u00f3n m\u00e1s duradera y un efecto natural, aportando volumen al cabello fino.<\/p>\n<p><b>PRINCIPIOS ACTIVOS:<\/b><\/p>\n<p>Silica Silycate: Aporta volumen y textura.<\/p>\n<p><strong>CARACTER\u00cdSTICAS:<\/strong><\/p>\n<p>Aporta volumen y textura.<\/p>\n<p>Seca la ra\u00edz.<\/p>\n<p>Efecto mate.<\/p>\n<p><strong>MODO DE USO:<\/strong><\/p>\n<p>Aplicar con el cabello mojado o seco en la ra\u00edz y dar la forma deseada.<\/p>\n<p>Formato: 20 gr<\/p>","protected":false},"excerpt":{"rendered":"<p>Polvo matificador fuerte ultraligero Skull Men\u00a0 para texturizar el cabello con efecto mate. Control y separaci\u00f3n ligera, fijaci\u00f3n m\u00e1s duradera y un efecto natural, aportando volumen al cabello fino. PRINCIPIOS ACTIVOS: Silica Silycate: Aporta volumen y textura. CARACTER\u00cdSTICAS: Aporta volumen y textura. Seca la ra\u00edz. Efecto mate. MODO DE USO: Aplicar con el cabello mojado [&hellip;]<\/p>","protected":false},"featured_media":6436,"comment_status":"open","ping_status":"closed","template":"","meta":{"_acf_changed":false,"inline_featured_image":false},"product_cat":[105],"product_tag":[],"genre":[],"class_list":{"0":"post-6383","1":"product","2":"type-product","3":"status-publish","4":"has-post-thumbnail","6":"product_cat-salud","8":"first","9":"instock","10":"taxable","11":"shipping-taxable","12":"purchasable","13":"product-type-simple","14":"add-to-wishlist-after_add_to_cart"},"acf":[],"_links":{"self":[{"href":"https:\/\/compraencieza.es\/en\/wp-json\/wp\/v2\/product\/6383","targetHints":{"allow":["GET"]}}],"collection":[{"href":"https:\/\/compraencieza.es\/en\/wp-json\/wp\/v2\/product"}],"about":[{"href":"https:\/\/compraencieza.es\/en\/wp-json\/wp\/v2\/types\/product"}],"replies":[{"embeddable":true,"href":"https:\/\/compraencieza.es\/en\/wp-json\/wp\/v2\/comments?post=6383"}],"wp:featuredmedia":[{"embeddable":true,"href":"https:\/\/compraencieza.es\/en\/wp-json\/wp\/v2\/media\/6436"}],"wp:attachment":[{"href":"https:\/\/compraencieza.es\/en\/wp-json\/wp\/v2\/media?parent=6383"}],"wp:term":[{"taxonomy":"product_cat","embeddable":true,"href":"https:\/\/compraencieza.es\/en\/wp-json\/wp\/v2\/product_cat?post=6383"},{"taxonomy":"product_tag","embeddable":true,"href":"https:\/\/compraencieza.es\/en\/wp-json\/wp\/v2\/product_tag?post=6383"},{"taxonomy":"product_brand","embeddable":true,"href":"https:\/\/compraencieza.es\/en\/wp-json\/wp\/v2\/genre?post=6383"}],"curies":[{"name":"wp","href":"https:\/\/api.w.org\/{rel}","templated":true}]}}