{"id":6384,"date":"2025-01-10T11:01:14","date_gmt":"2025-01-10T10:01:14","guid":{"rendered":"https:\/\/compraencieza.es\/?post_type=product&#038;p=6384"},"modified":"2025-01-10T11:05:43","modified_gmt":"2025-01-10T10:05:43","slug":"polvo-de-volumen-fijacion-3-skull-men","status":"publish","type":"product","link":"https:\/\/compraencieza.es\/en\/product\/polvo-de-volumen-fijacion-3-skull-men\/","title":{"rendered":"Polvo de Volumen Fijaci\u00f3n 3 Skull Men"},"content":{"rendered":"<p>Todo el poder de un polvo de volumen y toda la textura de una crema, es incre\u00edble\u00a0como se transforma en cera al trabajarla\u00a0en las manos, con una fijaci\u00f3n brutal, este producto no tiene desperdicio.<\/p>\n<p><strong>PRINCIPIOS ACTIVOS:<\/strong><\/p>\n<p>Silica Silycate: Aporta volumen\u00a0y textura.<\/p>\n<p><strong>CARACTER\u00cdSTICAS:<\/strong><\/p>\n<p>Aporta volumen\u00a0y textura.<\/p>\n<p>Sin marcas blancas ni residuos.<\/p>\n<p>Seca la ra\u00edz.<\/p>\n<p>Efecto mate.<\/p>\n<p><strong>MODO DE USO:<\/strong><\/p>\n<p>Aplicar el producto sobre la palma de la mano ligeramente h\u00fameda y frotar hasta crear una pasta cremosa.<\/p>\n<p>Distribuir uniformemente sobre el cabello seco.<\/p>\n<p>Para cabello h\u00famedo \u00faselo\u00a0para dar volumen y una fijaci\u00f3n m\u00e1s suave.<\/p>\n<p><strong>CONSEJO:\u00a0<\/strong>Puedes aplic\u00e1rtelo en la palma de la mano y con dos dedos masajearlo hasta que casi se haya convertido en una crema, entonces aplic\u00e1rtelo en el cabello de atr\u00e1s hacia adelante.<\/p>\n<p>Formato: 25gr<\/p>","protected":false},"excerpt":{"rendered":"<p>Todo el poder de un polvo de volumen y toda la textura de una crema, es incre\u00edble\u00a0como se transforma en cera al trabajarla\u00a0en las manos, con una fijaci\u00f3n brutal, este producto no tiene desperdicio. PRINCIPIOS ACTIVOS: Silica Silycate: Aporta volumen\u00a0y textura. CARACTER\u00cdSTICAS: Aporta volumen\u00a0y textura. Sin marcas blancas ni residuos. Seca la ra\u00edz. Efecto mate. [&hellip;]<\/p>","protected":false},"featured_media":6437,"comment_status":"open","ping_status":"closed","template":"","meta":{"_acf_changed":false,"inline_featured_image":false},"product_cat":[105],"product_tag":[],"genre":[],"class_list":{"0":"post-6384","1":"product","2":"type-product","3":"status-publish","4":"has-post-thumbnail","6":"product_cat-salud","8":"first","9":"instock","10":"taxable","11":"shipping-taxable","12":"purchasable","13":"product-type-simple","14":"add-to-wishlist-after_add_to_cart"},"acf":[],"_links":{"self":[{"href":"https:\/\/compraencieza.es\/en\/wp-json\/wp\/v2\/product\/6384","targetHints":{"allow":["GET"]}}],"collection":[{"href":"https:\/\/compraencieza.es\/en\/wp-json\/wp\/v2\/product"}],"about":[{"href":"https:\/\/compraencieza.es\/en\/wp-json\/wp\/v2\/types\/product"}],"replies":[{"embeddable":true,"href":"https:\/\/compraencieza.es\/en\/wp-json\/wp\/v2\/comments?post=6384"}],"wp:featuredmedia":[{"embeddable":true,"href":"https:\/\/compraencieza.es\/en\/wp-json\/wp\/v2\/media\/6437"}],"wp:attachment":[{"href":"https:\/\/compraencieza.es\/en\/wp-json\/wp\/v2\/media?parent=6384"}],"wp:term":[{"taxonomy":"product_cat","embeddable":true,"href":"https:\/\/compraencieza.es\/en\/wp-json\/wp\/v2\/product_cat?post=6384"},{"taxonomy":"product_tag","embeddable":true,"href":"https:\/\/compraencieza.es\/en\/wp-json\/wp\/v2\/product_tag?post=6384"},{"taxonomy":"product_brand","embeddable":true,"href":"https:\/\/compraencieza.es\/en\/wp-json\/wp\/v2\/genre?post=6384"}],"curies":[{"name":"wp","href":"https:\/\/api.w.org\/{rel}","templated":true}]}}