{"id":6403,"date":"2025-01-10T11:01:58","date_gmt":"2025-01-10T10:01:58","guid":{"rendered":"https:\/\/compraencieza.es\/?post_type=product&#038;p=6403"},"modified":"2025-01-10T11:05:43","modified_gmt":"2025-01-10T10:05:43","slug":"olivia-garden-fingerbrush","status":"publish","type":"product","link":"https:\/\/compraencieza.es\/en\/product\/olivia-garden-fingerbrush\/","title":{"rendered":"Olivia Garden Fingerbrush"},"content":{"rendered":"<p><strong class=\"type\">Descripci\u00f3n: <\/strong>Olivia Garden Cepillo Fingerbrush Combo Grande Negro anti-est\u00e1tico elaborado con una mezcla especial de cerdas i\u00f3nicas y 100% de jabal\u00ed, que le ofrecen al cabello un acabado estilizado, lacio y sin frizz. Es un modelo caracterizado por la peculiaridad de su dise\u00f1o, est\u00e1 elaborada en una forma de mano o dedos, que permite el paso uniforme del aire entre los mechones. Cepillo compacto y de poco peso, trata de manera gentil y delicada la hebra, puede ser usado tanto con el cabello mojado o seco y sus cerdas masajean el cuero cabelludo.<\/p>","protected":false},"excerpt":{"rendered":"<p>Descripci\u00f3n: Olivia Garden Cepillo Fingerbrush Combo Grande Negro anti-est\u00e1tico elaborado con una mezcla especial de cerdas i\u00f3nicas y 100% de jabal\u00ed, que le ofrecen al cabello un acabado estilizado, lacio y sin frizz. Es un modelo caracterizado por la peculiaridad de su dise\u00f1o, est\u00e1 elaborada en una forma de mano o dedos, que permite el [&hellip;]<\/p>","protected":false},"featured_media":6439,"comment_status":"open","ping_status":"closed","template":"","meta":{"_acf_changed":false,"inline_featured_image":false},"product_cat":[105],"product_tag":[],"genre":[],"class_list":{"0":"post-6403","1":"product","2":"type-product","3":"status-publish","4":"has-post-thumbnail","6":"product_cat-salud","8":"first","9":"instock","10":"taxable","11":"shipping-taxable","12":"purchasable","13":"product-type-simple","14":"add-to-wishlist-after_add_to_cart"},"acf":[],"_links":{"self":[{"href":"https:\/\/compraencieza.es\/en\/wp-json\/wp\/v2\/product\/6403","targetHints":{"allow":["GET"]}}],"collection":[{"href":"https:\/\/compraencieza.es\/en\/wp-json\/wp\/v2\/product"}],"about":[{"href":"https:\/\/compraencieza.es\/en\/wp-json\/wp\/v2\/types\/product"}],"replies":[{"embeddable":true,"href":"https:\/\/compraencieza.es\/en\/wp-json\/wp\/v2\/comments?post=6403"}],"wp:featuredmedia":[{"embeddable":true,"href":"https:\/\/compraencieza.es\/en\/wp-json\/wp\/v2\/media\/6439"}],"wp:attachment":[{"href":"https:\/\/compraencieza.es\/en\/wp-json\/wp\/v2\/media?parent=6403"}],"wp:term":[{"taxonomy":"product_cat","embeddable":true,"href":"https:\/\/compraencieza.es\/en\/wp-json\/wp\/v2\/product_cat?post=6403"},{"taxonomy":"product_tag","embeddable":true,"href":"https:\/\/compraencieza.es\/en\/wp-json\/wp\/v2\/product_tag?post=6403"},{"taxonomy":"product_brand","embeddable":true,"href":"https:\/\/compraencieza.es\/en\/wp-json\/wp\/v2\/genre?post=6403"}],"curies":[{"name":"wp","href":"https:\/\/api.w.org\/{rel}","templated":true}]}}