{"id":6405,"date":"2025-01-10T11:01:58","date_gmt":"2025-01-10T10:01:58","guid":{"rendered":"https:\/\/compraencieza.es\/?post_type=product&#038;p=6405"},"modified":"2025-01-10T11:05:43","modified_gmt":"2025-01-10T10:05:43","slug":"tratamiento-de-laminacion-instantanea","status":"publish","type":"product","link":"https:\/\/compraencieza.es\/en\/product\/tratamiento-de-laminacion-instantanea\/","title":{"rendered":"Instant Lamination Treatment"},"content":{"rendered":"<p>Los laboratorios de investigaci\u00f3n de Jean Paul Myn\u00e8\u2019s presentan Keratin Plus Empower Snap Lamination, el primer tratamiento de laminaci\u00f3n instant\u00e1nea que sella, protege y reconstruye el cabello en un instante.<\/p>\n<p>Mejorado con la tecnolog\u00eda Oxilamine\u00ae\ufe0f, aporta un brillo \u201cespejo\u201d inmediato.<\/p>","protected":false},"excerpt":{"rendered":"<p>Los laboratorios de investigaci\u00f3n de Jean Paul Myn\u00e8\u2019s presentan Keratin Plus Empower Snap Lamination, el primer tratamiento de laminaci\u00f3n instant\u00e1nea que sella, protege y reconstruye el cabello en un instante. Mejorado con la tecnolog\u00eda Oxilamine\u00ae\ufe0f, aporta un brillo \u201cespejo\u201d inmediato.<\/p>","protected":false},"featured_media":6441,"comment_status":"open","ping_status":"closed","template":"","meta":{"_acf_changed":false,"inline_featured_image":false},"product_cat":[105],"product_tag":[],"genre":[],"class_list":{"0":"post-6405","1":"product","2":"type-product","3":"status-publish","4":"has-post-thumbnail","6":"product_cat-salud","8":"first","9":"instock","10":"sale","11":"taxable","12":"shipping-taxable","13":"purchasable","14":"product-type-simple","15":"add-to-wishlist-after_add_to_cart"},"acf":[],"_links":{"self":[{"href":"https:\/\/compraencieza.es\/en\/wp-json\/wp\/v2\/product\/6405","targetHints":{"allow":["GET"]}}],"collection":[{"href":"https:\/\/compraencieza.es\/en\/wp-json\/wp\/v2\/product"}],"about":[{"href":"https:\/\/compraencieza.es\/en\/wp-json\/wp\/v2\/types\/product"}],"replies":[{"embeddable":true,"href":"https:\/\/compraencieza.es\/en\/wp-json\/wp\/v2\/comments?post=6405"}],"wp:featuredmedia":[{"embeddable":true,"href":"https:\/\/compraencieza.es\/en\/wp-json\/wp\/v2\/media\/6441"}],"wp:attachment":[{"href":"https:\/\/compraencieza.es\/en\/wp-json\/wp\/v2\/media?parent=6405"}],"wp:term":[{"taxonomy":"product_cat","embeddable":true,"href":"https:\/\/compraencieza.es\/en\/wp-json\/wp\/v2\/product_cat?post=6405"},{"taxonomy":"product_tag","embeddable":true,"href":"https:\/\/compraencieza.es\/en\/wp-json\/wp\/v2\/product_tag?post=6405"},{"taxonomy":"product_brand","embeddable":true,"href":"https:\/\/compraencieza.es\/en\/wp-json\/wp\/v2\/genre?post=6405"}],"curies":[{"name":"wp","href":"https:\/\/api.w.org\/{rel}","templated":true}]}}