{"id":6406,"date":"2025-01-10T11:01:58","date_gmt":"2025-01-10T10:01:58","guid":{"rendered":"https:\/\/compraencieza.es\/?post_type=product&#038;p=6406"},"modified":"2025-01-10T11:05:43","modified_gmt":"2025-01-10T10:05:43","slug":"ampollas-anticaida-8x7-ml-indola","status":"publish","type":"product","link":"https:\/\/compraencieza.es\/en\/product\/ampollas-anticaida-8x7-ml-indola\/","title":{"rendered":"Ampollas Antica\u00edda 8&#215;7 ml indola"},"content":{"rendered":"<p>Loci\u00f3n antica\u00edda que estimula la ra\u00edz con una f\u00f3rmula revitalizante de los Cosm\u00e9ticos de Tricoterapia. 8*7ml<\/p>\n<p>Segundo paso para reducir la ca\u00edda del cabello no patol\u00f3gica<\/p>\n<p>La f\u00f3rmula revitalizante de los Cosm\u00e9ticos de Tricoterapia estimula las ra\u00edces<\/p>\n<p>Proporciona nutrientes muy energ\u00e9ticos<\/p>\n<p>Equilibra la proporci\u00f3n de ra\u00edces activas acerc\u00e1ndola a un nivel normal del 80% despu\u00e9s de 24 semanas de aplicaci\u00f3n<\/p>\n<p>Proporciona una apariencia con m\u00e1s cuerpo y vitalidad<\/p>\n<p>Para todo tipo de cabello<\/p>","protected":false},"excerpt":{"rendered":"<p>Loci\u00f3n antica\u00edda que estimula la ra\u00edz con una f\u00f3rmula revitalizante de los Cosm\u00e9ticos de Tricoterapia. 8*7ml Segundo paso para reducir la ca\u00edda del cabello no patol\u00f3gica La f\u00f3rmula revitalizante de los Cosm\u00e9ticos de Tricoterapia estimula las ra\u00edces Proporciona nutrientes muy energ\u00e9ticos Equilibra la proporci\u00f3n de ra\u00edces activas acerc\u00e1ndola a un nivel normal del 80% despu\u00e9s [&hellip;]<\/p>","protected":false},"featured_media":6452,"comment_status":"open","ping_status":"closed","template":"","meta":{"_acf_changed":false,"inline_featured_image":false},"product_cat":[105],"product_tag":[],"genre":[],"class_list":{"0":"post-6406","1":"product","2":"type-product","3":"status-publish","4":"has-post-thumbnail","6":"product_cat-salud","8":"first","9":"instock","10":"taxable","11":"shipping-taxable","12":"purchasable","13":"product-type-simple","14":"add-to-wishlist-after_add_to_cart"},"acf":[],"_links":{"self":[{"href":"https:\/\/compraencieza.es\/en\/wp-json\/wp\/v2\/product\/6406","targetHints":{"allow":["GET"]}}],"collection":[{"href":"https:\/\/compraencieza.es\/en\/wp-json\/wp\/v2\/product"}],"about":[{"href":"https:\/\/compraencieza.es\/en\/wp-json\/wp\/v2\/types\/product"}],"replies":[{"embeddable":true,"href":"https:\/\/compraencieza.es\/en\/wp-json\/wp\/v2\/comments?post=6406"}],"wp:featuredmedia":[{"embeddable":true,"href":"https:\/\/compraencieza.es\/en\/wp-json\/wp\/v2\/media\/6452"}],"wp:attachment":[{"href":"https:\/\/compraencieza.es\/en\/wp-json\/wp\/v2\/media?parent=6406"}],"wp:term":[{"taxonomy":"product_cat","embeddable":true,"href":"https:\/\/compraencieza.es\/en\/wp-json\/wp\/v2\/product_cat?post=6406"},{"taxonomy":"product_tag","embeddable":true,"href":"https:\/\/compraencieza.es\/en\/wp-json\/wp\/v2\/product_tag?post=6406"},{"taxonomy":"product_brand","embeddable":true,"href":"https:\/\/compraencieza.es\/en\/wp-json\/wp\/v2\/genre?post=6406"}],"curies":[{"name":"wp","href":"https:\/\/api.w.org\/{rel}","templated":true}]}}