{"id":6408,"date":"2025-01-10T11:01:58","date_gmt":"2025-01-10T10:01:58","guid":{"rendered":"https:\/\/compraencieza.es\/?post_type=product&#038;p=6408"},"modified":"2025-01-10T11:05:43","modified_gmt":"2025-01-10T10:05:43","slug":"oxidante-en-crema-6-1l","status":"publish","type":"product","link":"https:\/\/compraencieza.es\/en\/product\/oxidante-en-crema-6-1l\/","title":{"rendered":"Oxidante en Crema 6% 1L"},"content":{"rendered":"<p>Usar la loci\u00f3n activadora de Indola garantiza resultados de aclaraci\u00f3n \u00f3ptimos, gracias a unos ingredientes tratantes especiales que tienen un efecto suavizante en la superf\u00edcie del cabello.<\/p>\n<p class=\"lh-copy vtex-rich-text-0-x-paragraph vtex-rich-text-0-x-paragraph--productInstructions\"><span class=\"b vtex-rich-text-0-x-strong vtex-rich-text-0-x-strong--productInstructions\">Para Coloraci\u00f3n Permanente con PCC:<\/span><br \/>\nPara tono sobre tono, oscurecimiento, cobertura de cabello blanco y 1 nivel de aclaraci\u00f3n, use oxidante 6%\/20 Vol.<br \/>\nPara refrescar los largos y las puntas ligeramente deste\u00f1idos, utilice oxidante 2%\/7 Vol.<br \/>\nPara 2 o 3 niveles de aclaraci\u00f3n, use oxidante 9%\/30 Vol.<\/p>\n<p class=\"lh-copy vtex-rich-text-0-x-paragraph vtex-rich-text-0-x-paragraph--productInstructions\"><span class=\"b vtex-rich-text-0-x-strong vtex-rich-text-0-x-strong--productInstructions\">Para servicios de rubio:<\/span><br \/>\nPara el aclarador Blonde Expert, use Cream Developer 2%\/7 Vol., 6%\/20 Vol. o 9%\/30 Vol., evitando el uso en el cuero cabelludo.<br \/>\n<span class=\"b vtex-rich-text-0-x-strong vtex-rich-text-0-x-strong--productInstructions\">Para Ultra Cool Booster:<\/span><br \/>\nMezclar con Lightener, use oxidante 2%\/7 Vol. en profundidad 7.0 y 6.0, 6%\/20 Vol. en profundidad 7.0 y 6.0 y 9% \/30 Vol. en profundidad 5.0 a 3.0, evitando el uso en el cuero cabelludo.<br \/>\n<span class=\"b vtex-rich-text-0-x-strong vtex-rich-text-0-x-strong--productInstructions\">Para Ultra Lift Booster<\/span>:<br \/>\nMezclar con Highlift 1000.0, use oxidante 9%\/30 Vol.<br \/>\nPara tonos Highlift, use Cream Developer 9%\/30 Vol. para 3-4 niveles de aclaraci\u00f3n o 12%\/40 Vol. para 4-5 niveles de elevaci\u00f3n.<br \/>\n<span class=\"b vtex-rich-text-0-x-strong vtex-rich-text-0-x-strong--productInstructions\">Para tonos Pastel:<\/span><br \/>\nUtilizar oxidante 2%\/7 Vol. sobre cabello aclarado, 6%\/20 Vol. sobre cabello virgen y 12%\/40 Vol. solo cuando se mezcla 1:1 con Special Blonde 1000.<\/p>\n<p class=\"lh-copy vtex-rich-text-0-x-paragraph vtex-rich-text-0-x-paragraph--productInstructions\"><span class=\"b vtex-rich-text-0-x-strong vtex-rich-text-0-x-strong--productInstructions\">Para servicios r\u00e1pidos con Xpress Color:<\/span><br \/>\nPara te\u00f1ir largos y puntas m\u00e1s oscuros o refrescantes, use oxidante 2%\/7 Vol.<br \/>\nPara tono sobre tono y hasta 1 nivel de aclaraci\u00f3n, use oxidante 6%\/20Vol.<br \/>\nPara tonos de cobertura (.00) y hasta 2 niveles de aclaraci\u00f3n, use oxidante 9%\/30Vol.<\/p>\n<p class=\"lh-copy vtex-rich-text-0-x-paragraph vtex-rich-text-0-x-paragraph--productInstructions\">Siga las instrucciones de uso del tono de color de cabello deseado.<\/p>","protected":false},"excerpt":{"rendered":"<p>Usar la loci\u00f3n activadora de Indola garantiza resultados de aclaraci\u00f3n \u00f3ptimos, gracias a unos ingredientes tratantes especiales que tienen un efecto suavizante en la superf\u00edcie del cabello. Para Coloraci\u00f3n Permanente con PCC: Para tono sobre tono, oscurecimiento, cobertura de cabello blanco y 1 nivel de aclaraci\u00f3n, use oxidante 6%\/20 Vol. Para refrescar los largos y [&hellip;]<\/p>","protected":false},"featured_media":6454,"comment_status":"open","ping_status":"closed","template":"","meta":{"_acf_changed":false,"inline_featured_image":false},"product_cat":[105],"product_tag":[],"genre":[],"class_list":{"0":"post-6408","1":"product","2":"type-product","3":"status-publish","4":"has-post-thumbnail","6":"product_cat-salud","8":"first","9":"instock","10":"taxable","11":"shipping-taxable","12":"purchasable","13":"product-type-simple","14":"add-to-wishlist-after_add_to_cart"},"acf":[],"_links":{"self":[{"href":"https:\/\/compraencieza.es\/en\/wp-json\/wp\/v2\/product\/6408","targetHints":{"allow":["GET"]}}],"collection":[{"href":"https:\/\/compraencieza.es\/en\/wp-json\/wp\/v2\/product"}],"about":[{"href":"https:\/\/compraencieza.es\/en\/wp-json\/wp\/v2\/types\/product"}],"replies":[{"embeddable":true,"href":"https:\/\/compraencieza.es\/en\/wp-json\/wp\/v2\/comments?post=6408"}],"wp:featuredmedia":[{"embeddable":true,"href":"https:\/\/compraencieza.es\/en\/wp-json\/wp\/v2\/media\/6454"}],"wp:attachment":[{"href":"https:\/\/compraencieza.es\/en\/wp-json\/wp\/v2\/media?parent=6408"}],"wp:term":[{"taxonomy":"product_cat","embeddable":true,"href":"https:\/\/compraencieza.es\/en\/wp-json\/wp\/v2\/product_cat?post=6408"},{"taxonomy":"product_tag","embeddable":true,"href":"https:\/\/compraencieza.es\/en\/wp-json\/wp\/v2\/product_tag?post=6408"},{"taxonomy":"product_brand","embeddable":true,"href":"https:\/\/compraencieza.es\/en\/wp-json\/wp\/v2\/genre?post=6408"}],"curies":[{"name":"wp","href":"https:\/\/api.w.org\/{rel}","templated":true}]}}