{"id":6430,"date":"2025-01-10T11:02:43","date_gmt":"2025-01-10T10:02:43","guid":{"rendered":"https:\/\/compraencieza.es\/?post_type=product&#038;p=6430"},"modified":"2025-01-10T11:05:43","modified_gmt":"2025-01-10T10:05:43","slug":"contorno-de-ojos-antiarrugas-ziaja","status":"publish","type":"product","link":"https:\/\/compraencieza.es\/en\/product\/contorno-de-ojos-antiarrugas-ziaja\/","title":{"rendered":"Contorno de Ojos Antiarrugas ziaja."},"content":{"rendered":"<div class=\"description\">\n<p>90% de ingredientes de origen natural<\/p>\n<p>Contorno de ojos anti-arrugas con aceite de hoja de perejil recomendado para el cuidado diario del \u00e1rea de los ojos de todas las edades. Reduce peque\u00f1as arrugas y previene su formaci\u00f3n. Suaviza, reafirma e hidrata. Ilumina ligeramente la piel. Adecuado para usuarios de lentes de contacto.<\/p>\n<\/div>\n<div class=\"product-info leaf-heading leaf-heading-up\">\n<div class=\"info-box\">\n<h4 class=\"box-title\">Modo de empleo<\/h4>\n<p>Aplicar localmente en la parte externa de cada ojo, preferentemente por las noches.\u00a0Extender desde el contorno exterior hasta el interior mediante suaves toquecitos.\u00a0Evitar el contacto directo con el saco conjuntival.<\/p>\n<p><strong>Ingredients<\/strong><\/p>\n<\/div>\n<div class=\"info-box\">\n<p>Aqua (Water), PPG-15 Stearyl Ether, Glyceryl Stearate, Hydrogenated Coco-Glycerides, Glycerin, Steareth-2, Vitis Vinifera (Grape) Seed Oil, Panthenol, Dimethicone, Propylene Glycol, Steareth-21, Tocopheryl Acetate, Petroselinum Crispum (Parsley) Leaf Oil, Retinyl Palmitate, Glyceryl Caprylate, Stearic Acid, Carbomer, PEG-8, Tocopherol, Ascorbyl Palmitate, Ascorbic Acid, Citric Acid, Phenoxyethanol, Ethylhexylglycerin, Sodium Hydroxide.<\/p>\n<p>La lista de ingredientes est\u00e1 conforme al estado actual de fabricaci\u00f3n de 2021.06.<\/p>\n<p>&nbsp;<\/p>\n<\/div>\n<div class=\"info-box\">\n<h4 class=\"box-title\">INGREDIENTES PRINCIPALES<\/h4>\n<p>vitamina A, aceite de las hojas de perejil<\/p>\n<\/div>\n<\/div>","protected":false},"excerpt":{"rendered":"<p>90% de ingredientes de origen natural Contorno de ojos anti-arrugas con aceite de hoja de perejil recomendado para el cuidado diario del \u00e1rea de los ojos de todas las edades. Reduce peque\u00f1as arrugas y previene su formaci\u00f3n. Suaviza, reafirma e hidrata. Ilumina ligeramente la piel. Adecuado para usuarios de lentes de contacto. Modo de empleo [&hellip;]<\/p>","protected":false},"featured_media":6455,"comment_status":"open","ping_status":"closed","template":"","meta":{"_acf_changed":false,"inline_featured_image":false},"product_cat":[105],"product_tag":[],"genre":[],"class_list":{"0":"post-6430","1":"product","2":"type-product","3":"status-publish","4":"has-post-thumbnail","6":"product_cat-salud","8":"first","9":"instock","10":"taxable","11":"shipping-taxable","12":"purchasable","13":"product-type-simple","14":"add-to-wishlist-after_add_to_cart"},"acf":[],"_links":{"self":[{"href":"https:\/\/compraencieza.es\/en\/wp-json\/wp\/v2\/product\/6430","targetHints":{"allow":["GET"]}}],"collection":[{"href":"https:\/\/compraencieza.es\/en\/wp-json\/wp\/v2\/product"}],"about":[{"href":"https:\/\/compraencieza.es\/en\/wp-json\/wp\/v2\/types\/product"}],"replies":[{"embeddable":true,"href":"https:\/\/compraencieza.es\/en\/wp-json\/wp\/v2\/comments?post=6430"}],"wp:featuredmedia":[{"embeddable":true,"href":"https:\/\/compraencieza.es\/en\/wp-json\/wp\/v2\/media\/6455"}],"wp:attachment":[{"href":"https:\/\/compraencieza.es\/en\/wp-json\/wp\/v2\/media?parent=6430"}],"wp:term":[{"taxonomy":"product_cat","embeddable":true,"href":"https:\/\/compraencieza.es\/en\/wp-json\/wp\/v2\/product_cat?post=6430"},{"taxonomy":"product_tag","embeddable":true,"href":"https:\/\/compraencieza.es\/en\/wp-json\/wp\/v2\/product_tag?post=6430"},{"taxonomy":"product_brand","embeddable":true,"href":"https:\/\/compraencieza.es\/en\/wp-json\/wp\/v2\/genre?post=6430"}],"curies":[{"name":"wp","href":"https:\/\/api.w.org\/{rel}","templated":true}]}}