{"id":6431,"date":"2025-01-10T11:02:43","date_gmt":"2025-01-10T10:02:43","guid":{"rendered":"https:\/\/compraencieza.es\/?post_type=product&#038;p=6431"},"modified":"2025-01-10T11:05:43","modified_gmt":"2025-01-10T10:05:43","slug":"lanolina-para-labios-manos-codos-y-rodillas-ziaja","status":"publish","type":"product","link":"https:\/\/compraencieza.es\/en\/product\/lanolina-para-labios-manos-codos-y-rodillas-ziaja\/","title":{"rendered":"Lanolina para labios, manos, codos y rodillas ziaja"},"content":{"rendered":"<div class=\"info-box\">\n<h4 class=\"box-title\">MODO DE EMPLEO<\/h4>\n<p>&nbsp;<\/p>\n<p>Aplicar una peque\u00f1a cantidad de lanolina sobre la piel o los labios. A temperatura ambiente, la lanolina es flexible, por encima de 36\u00baC se vuelve l\u00edquida. El producto se endurece cuando se enfr\u00eda. Despu\u00e9s de calentar el tubo en las manos, la lanolina se ablanda facilitando su aplicaci\u00f3n.<\/p>\n<p>&nbsp;<\/p>\n<\/div>\n<div class=\"info-box\">\n<h4 class=\"box-title\">inci<\/h4>\n<p>&nbsp;<\/p>\n<p>Lanolin.<\/p>\n<p>La lista de ingredientes est\u00e1 conforme al estado actual de fabricaci\u00f3n de 2024.03.<\/p>\n<p>&nbsp;<\/p>\n<\/div>\n<div class=\"info-box\">\n<h4 class=\"box-title\">INGREDIENTES PRINCIPALES<\/h4>\n<p>lanolina<\/p>\n<\/div>","protected":false},"excerpt":{"rendered":"<p>MODO DE EMPLEO &nbsp; Aplicar una peque\u00f1a cantidad de lanolina sobre la piel o los labios. A temperatura ambiente, la lanolina es flexible, por encima de 36\u00baC se vuelve l\u00edquida. El producto se endurece cuando se enfr\u00eda. Despu\u00e9s de calentar el tubo en las manos, la lanolina se ablanda facilitando su aplicaci\u00f3n. &nbsp; inci &nbsp; [&hellip;]<\/p>","protected":false},"featured_media":6456,"comment_status":"open","ping_status":"closed","template":"","meta":{"_acf_changed":false,"inline_featured_image":false},"product_cat":[105],"product_tag":[],"genre":[],"class_list":{"0":"post-6431","1":"product","2":"type-product","3":"status-publish","4":"has-post-thumbnail","6":"product_cat-salud","8":"first","9":"instock","10":"taxable","11":"shipping-taxable","12":"purchasable","13":"product-type-simple","14":"add-to-wishlist-after_add_to_cart"},"acf":[],"_links":{"self":[{"href":"https:\/\/compraencieza.es\/en\/wp-json\/wp\/v2\/product\/6431","targetHints":{"allow":["GET"]}}],"collection":[{"href":"https:\/\/compraencieza.es\/en\/wp-json\/wp\/v2\/product"}],"about":[{"href":"https:\/\/compraencieza.es\/en\/wp-json\/wp\/v2\/types\/product"}],"replies":[{"embeddable":true,"href":"https:\/\/compraencieza.es\/en\/wp-json\/wp\/v2\/comments?post=6431"}],"wp:featuredmedia":[{"embeddable":true,"href":"https:\/\/compraencieza.es\/en\/wp-json\/wp\/v2\/media\/6456"}],"wp:attachment":[{"href":"https:\/\/compraencieza.es\/en\/wp-json\/wp\/v2\/media?parent=6431"}],"wp:term":[{"taxonomy":"product_cat","embeddable":true,"href":"https:\/\/compraencieza.es\/en\/wp-json\/wp\/v2\/product_cat?post=6431"},{"taxonomy":"product_tag","embeddable":true,"href":"https:\/\/compraencieza.es\/en\/wp-json\/wp\/v2\/product_tag?post=6431"},{"taxonomy":"product_brand","embeddable":true,"href":"https:\/\/compraencieza.es\/en\/wp-json\/wp\/v2\/genre?post=6431"}],"curies":[{"name":"wp","href":"https:\/\/api.w.org\/{rel}","templated":true}]}}