{"id":6433,"date":"2025-01-10T11:02:43","date_gmt":"2025-01-10T10:02:43","guid":{"rendered":"https:\/\/compraencieza.es\/?post_type=product&#038;p=6433"},"modified":"2025-01-10T11:05:43","modified_gmt":"2025-01-10T10:05:43","slug":"crema-de-manos-con-proteinas-de-cachemir-ziaja","status":"publish","type":"product","link":"https:\/\/compraencieza.es\/en\/product\/crema-de-manos-con-proteinas-de-cachemir-ziaja\/","title":{"rendered":"Crema de manos con prote\u00ednas de cachemir ziaja"},"content":{"rendered":"<div class=\"description\">\n<p>95% de ingredientes de origen natural<\/p>\n<p>Crema de manos protectora y fortalecedora con prote\u00ednas de cachemir y manteca de karit\u00e9. Hidrata las manos, incluso despu\u00e9s de lavarlas frecuentemente. Calma la piel seca y agrietada. Restaura la elasticidad y la suavidad de la piel. Fortalece las u\u00f1as. Se absorbe r\u00e1pidamente.<\/p>\n<\/div>\n<div class=\"product-info leaf-heading leaf-heading-up\">\n<div class=\"info-box\">\n<h4 class=\"box-title\">MODO DE EMPLEO<\/h4>\n<p>&nbsp;<\/p>\n<p>Aplicar en las manos.<\/p>\n<p>&nbsp;<\/p>\n<\/div>\n<div class=\"info-box\">\n<h4 class=\"box-title\">inci<\/h4>\n<p>&nbsp;<\/p>\n<p>Aqua (Water), Paraffinum Liquidum (Mineral Oil), Cetearyl Alcohol, Glyceryl Stearate, PEG-100 Stearate, Glycerin, Cera Microcristallina (Microcrystalline Wax), Butyrospermum Parkii (Shea) Butter, Hydrolyzed Keratin, Sodium Acrylate\/Sodium Acryloyldimethyl Taurate Copolymer, Isohexadecane, Polysorbate 80, Dimethicone, Stearic Acid, Sodium Polyacrylate, Xanthan Gum, Phenoxyethanol, Ethylhexylglycerin, Parfum (Fragrance), Linalool, Tetramethyl Acetyloctahydronaphthalenes, Alpha-Isomethyl Ionone, Coumarin, Juniperus Virginiana Oil, Citronellol.<\/p>\n<p>La lista de ingredientes est\u00e1 conforme al estado actual de fabricaci\u00f3n de 2024.07.<\/p>\n<p>&nbsp;<\/p>\n<\/div>\n<div class=\"info-box\">\n<h4 class=\"box-title\">INGREDIENTES PRINCIPALES<\/h4>\n<p>cachemir, manteca de karit\u00e9<\/p>\n<\/div>\n<\/div>","protected":false},"excerpt":{"rendered":"<p>95% de ingredientes de origen natural Crema de manos protectora y fortalecedora con prote\u00ednas de cachemir y manteca de karit\u00e9. Hidrata las manos, incluso despu\u00e9s de lavarlas frecuentemente. Calma la piel seca y agrietada. Restaura la elasticidad y la suavidad de la piel. Fortalece las u\u00f1as. Se absorbe r\u00e1pidamente. MODO DE EMPLEO &nbsp; Aplicar en [&hellip;]<\/p>","protected":false},"featured_media":6458,"comment_status":"open","ping_status":"closed","template":"","meta":{"_acf_changed":false,"inline_featured_image":false},"product_cat":[105],"product_tag":[],"genre":[],"class_list":{"0":"post-6433","1":"product","2":"type-product","3":"status-publish","4":"has-post-thumbnail","6":"product_cat-salud","8":"first","9":"instock","10":"taxable","11":"shipping-taxable","12":"purchasable","13":"product-type-simple","14":"add-to-wishlist-after_add_to_cart"},"acf":[],"_links":{"self":[{"href":"https:\/\/compraencieza.es\/en\/wp-json\/wp\/v2\/product\/6433","targetHints":{"allow":["GET"]}}],"collection":[{"href":"https:\/\/compraencieza.es\/en\/wp-json\/wp\/v2\/product"}],"about":[{"href":"https:\/\/compraencieza.es\/en\/wp-json\/wp\/v2\/types\/product"}],"replies":[{"embeddable":true,"href":"https:\/\/compraencieza.es\/en\/wp-json\/wp\/v2\/comments?post=6433"}],"wp:featuredmedia":[{"embeddable":true,"href":"https:\/\/compraencieza.es\/en\/wp-json\/wp\/v2\/media\/6458"}],"wp:attachment":[{"href":"https:\/\/compraencieza.es\/en\/wp-json\/wp\/v2\/media?parent=6433"}],"wp:term":[{"taxonomy":"product_cat","embeddable":true,"href":"https:\/\/compraencieza.es\/en\/wp-json\/wp\/v2\/product_cat?post=6433"},{"taxonomy":"product_tag","embeddable":true,"href":"https:\/\/compraencieza.es\/en\/wp-json\/wp\/v2\/product_tag?post=6433"},{"taxonomy":"product_brand","embeddable":true,"href":"https:\/\/compraencieza.es\/en\/wp-json\/wp\/v2\/genre?post=6433"}],"curies":[{"name":"wp","href":"https:\/\/api.w.org\/{rel}","templated":true}]}}