{"id":6434,"date":"2025-01-10T11:02:43","date_gmt":"2025-01-10T10:02:43","guid":{"rendered":"https:\/\/compraencieza.es\/?post_type=product&#038;p=6434"},"modified":"2025-01-10T11:05:43","modified_gmt":"2025-01-10T10:05:43","slug":"crema-de-manos-con-ceramicas-ziaja","status":"publish","type":"product","link":"https:\/\/compraencieza.es\/en\/product\/crema-de-manos-con-ceramicas-ziaja\/","title":{"rendered":"Crema de manos con cer\u00e1micas ziaja"},"content":{"rendered":"<div class=\"description\">\n<ol>\n<li>95% de ingredientes de origen natural<\/li>\n<\/ol>\n<p>Crema de manos nutritiva, regeneradora con ceramidas y concentrado de l\u00edpidos.\u00a0Protege la piel, especialmente la seca, \u00e1spera y sensible.\u00a0Restaura la barrera natural de l\u00edpidos. Previene la sequedad de la epidermis. Fortalece las u\u00f1as. Se absorbe r\u00e1pidamente<\/p>\n<\/div>\n<div class=\"product-info leaf-heading leaf-heading-up\">\n<div class=\"info-box\">\n<h4 class=\"box-title\">MODO DE EMPLEO<\/h4>\n<p>&nbsp;<\/p>\n<p>Aplicar en las manos.<\/p>\n<p>&nbsp;<\/p>\n<\/div>\n<div class=\"info-box\">\n<h4 class=\"box-title\">inci<\/h4>\n<p>&nbsp;<\/p>\n<p>Aqua (Water), Paraffinum Liquidum (Mineral Oil), Glycerin, Cetearyl Alcohol, Glyceryl Stearate, PEG-100 Stearate, Cera Microcristallina (Microcrystalline Wax), Dimethicone, Ceramide NP (3), Ceramide AP (6II), Ceramide EOP (1), Phytosphingosine, Cholesterol, Sodium Lauroyl Lactylate, Carbomer, Xanthan Gum, Sodium Acrylate\/Sodium Acryloyldimethyl Taurate Copolymer, Isohexadecane, Polysorbate 80, Stearic Acid, Sodium Polyacrylate, Phenoxyethanol, Ethylhexylglycerin, Parfum (Fragrance), Limonene, Linalool, Hexyl Cinnamal, Citronellol, Coumarin.<\/p>\n<p>La lista de ingredientes est\u00e1 conforme al estado actual de fabricaci\u00f3n de 2022.11.<\/p>\n<\/div>\n<\/div>","protected":false},"excerpt":{"rendered":"<p>95% de ingredientes de origen natural Crema de manos nutritiva, regeneradora con ceramidas y concentrado de l\u00edpidos.\u00a0Protege la piel, especialmente la seca, \u00e1spera y sensible.\u00a0Restaura la barrera natural de l\u00edpidos. Previene la sequedad de la epidermis. Fortalece las u\u00f1as. Se absorbe r\u00e1pidamente MODO DE EMPLEO &nbsp; Aplicar en las manos. &nbsp; inci &nbsp; Aqua (Water), [&hellip;]<\/p>","protected":false},"featured_media":6459,"comment_status":"open","ping_status":"closed","template":"","meta":{"_acf_changed":false,"inline_featured_image":false},"product_cat":[105],"product_tag":[],"genre":[],"class_list":{"0":"post-6434","1":"product","2":"type-product","3":"status-publish","4":"has-post-thumbnail","6":"product_cat-salud","8":"first","9":"instock","10":"taxable","11":"shipping-taxable","12":"purchasable","13":"product-type-simple","14":"add-to-wishlist-after_add_to_cart"},"acf":[],"_links":{"self":[{"href":"https:\/\/compraencieza.es\/en\/wp-json\/wp\/v2\/product\/6434","targetHints":{"allow":["GET"]}}],"collection":[{"href":"https:\/\/compraencieza.es\/en\/wp-json\/wp\/v2\/product"}],"about":[{"href":"https:\/\/compraencieza.es\/en\/wp-json\/wp\/v2\/types\/product"}],"replies":[{"embeddable":true,"href":"https:\/\/compraencieza.es\/en\/wp-json\/wp\/v2\/comments?post=6434"}],"wp:featuredmedia":[{"embeddable":true,"href":"https:\/\/compraencieza.es\/en\/wp-json\/wp\/v2\/media\/6459"}],"wp:attachment":[{"href":"https:\/\/compraencieza.es\/en\/wp-json\/wp\/v2\/media?parent=6434"}],"wp:term":[{"taxonomy":"product_cat","embeddable":true,"href":"https:\/\/compraencieza.es\/en\/wp-json\/wp\/v2\/product_cat?post=6434"},{"taxonomy":"product_tag","embeddable":true,"href":"https:\/\/compraencieza.es\/en\/wp-json\/wp\/v2\/product_tag?post=6434"},{"taxonomy":"product_brand","embeddable":true,"href":"https:\/\/compraencieza.es\/en\/wp-json\/wp\/v2\/genre?post=6434"}],"curies":[{"name":"wp","href":"https:\/\/api.w.org\/{rel}","templated":true}]}}