{"id":6445,"date":"2025-01-10T11:03:04","date_gmt":"2025-01-10T10:03:04","guid":{"rendered":"https:\/\/compraencieza.es\/?post_type=product&#038;p=6445"},"modified":"2025-01-10T11:05:43","modified_gmt":"2025-01-10T10:05:43","slug":"champu-mascarilla-huile-detoile-ampollas-caida-mujer-medavita","status":"publish","type":"product","link":"https:\/\/compraencieza.es\/en\/product\/champu-mascarilla-huile-detoile-ampollas-caida-mujer-medavita\/","title":{"rendered":"Shampoo + Huile d&#039;etoile mask + Medavita women&#039;s hair loss ampoules"},"content":{"rendered":"<p>Acci\u00f3n<\/p>\n<p>Estimulante &#8211; Dermopurificante &#8211; Eud\u00e9rmico &#8211; Lenitivo &#8211; Antioxidante &#8211; Reforzador &#8211; Refrescante &#8211; T\u00f3nico<\/p>\n<p>&nbsp;<\/p>\n<p>Caracter\u00edsticas<\/p>\n<p>Fruto de un \u00fanico y exclusivo proceso de preparaci\u00f3n, estimula la microcirculaci\u00f3n e inhibe las enzimas responsables de las modificaciones funcionales causantes de la ca\u00edda. Contiene un exclusivo pool de potentes principios activos vegetales funcionales (Aloe, Jengibre, C\u00e1lamo, Alcanfor, \u00c1rnica, G\u00e1lbano, Romero, Canela, Mirra, Nuez moscada) vasoactivos, antioxidantes y oxigenantes, que estimulan el crecimiento, refuerzan el sistema de anclaje del cabello al fol\u00edculo piloso y alargan la fase de vida del cabello, permitiendo el trofismo ideal del bulbo en su fase de crecimiento vital.<\/p>\n<p>Lavar el cabello y acondicionar con el tratamiento huile d&#8217;etoile.<\/p>\n<p>Tras el lavado y secado con toalla aplicar una ampolla y masajear hasta su total absorci\u00f3n. No enjuagar<\/p>","protected":false},"excerpt":{"rendered":"<p>Acci\u00f3n Estimulante &#8211; Dermopurificante &#8211; Eud\u00e9rmico &#8211; Lenitivo &#8211; Antioxidante &#8211; Reforzador &#8211; Refrescante &#8211; T\u00f3nico &nbsp; Caracter\u00edsticas Fruto de un \u00fanico y exclusivo proceso de preparaci\u00f3n, estimula la microcirculaci\u00f3n e inhibe las enzimas responsables de las modificaciones funcionales causantes de la ca\u00edda. Contiene un exclusivo pool de potentes principios activos vegetales funcionales (Aloe, Jengibre, [&hellip;]<\/p>","protected":false},"featured_media":6463,"comment_status":"open","ping_status":"closed","template":"","meta":{"_acf_changed":false,"inline_featured_image":false},"product_cat":[105],"product_tag":[],"genre":[],"class_list":{"0":"post-6445","1":"product","2":"type-product","3":"status-publish","4":"has-post-thumbnail","6":"product_cat-salud","8":"first","9":"instock","10":"taxable","11":"shipping-taxable","12":"purchasable","13":"product-type-simple","14":"add-to-wishlist-after_add_to_cart"},"acf":[],"_links":{"self":[{"href":"https:\/\/compraencieza.es\/en\/wp-json\/wp\/v2\/product\/6445","targetHints":{"allow":["GET"]}}],"collection":[{"href":"https:\/\/compraencieza.es\/en\/wp-json\/wp\/v2\/product"}],"about":[{"href":"https:\/\/compraencieza.es\/en\/wp-json\/wp\/v2\/types\/product"}],"replies":[{"embeddable":true,"href":"https:\/\/compraencieza.es\/en\/wp-json\/wp\/v2\/comments?post=6445"}],"wp:featuredmedia":[{"embeddable":true,"href":"https:\/\/compraencieza.es\/en\/wp-json\/wp\/v2\/media\/6463"}],"wp:attachment":[{"href":"https:\/\/compraencieza.es\/en\/wp-json\/wp\/v2\/media?parent=6445"}],"wp:term":[{"taxonomy":"product_cat","embeddable":true,"href":"https:\/\/compraencieza.es\/en\/wp-json\/wp\/v2\/product_cat?post=6445"},{"taxonomy":"product_tag","embeddable":true,"href":"https:\/\/compraencieza.es\/en\/wp-json\/wp\/v2\/product_tag?post=6445"},{"taxonomy":"product_brand","embeddable":true,"href":"https:\/\/compraencieza.es\/en\/wp-json\/wp\/v2\/genre?post=6445"}],"curies":[{"name":"wp","href":"https:\/\/api.w.org\/{rel}","templated":true}]}}