{"id":6451,"date":"2025-01-10T11:03:04","date_gmt":"2025-01-10T10:03:04","guid":{"rendered":"https:\/\/compraencieza.es\/?post_type=product&#038;p=6451"},"modified":"2025-01-10T11:05:42","modified_gmt":"2025-01-10T10:05:42","slug":"champu-color-duradero-300ml-salerm","status":"publish","type":"product","link":"https:\/\/compraencieza.es\/en\/product\/champu-color-duradero-300ml-salerm\/","title":{"rendered":"Champ\u00fa Color duradero 300ml salerm"},"content":{"rendered":"<p><strong>Champ\u00fa de \u00e1cidos frutales ideal para sellar y mantener el color.\u00a0<\/strong>Enriquecido con Provitamina B5, vitamina A y E para un color vibrante, brillante y duradero.<\/p>\n<ul>\n<li>Con vitaminas A y E.<\/li>\n<li>Con \u00e1cido m\u00e1lico.<\/li>\n<li>Sin parabenos.<\/li>\n<li>Sin sulfatos.<\/li>\n<li>100% vegano.<\/li>\n<\/ul>\n<p><strong>Especialmente indicada para cabello coloreado, decolorado o con canas.<\/strong><\/p>","protected":false},"excerpt":{"rendered":"<p>Champ\u00fa de \u00e1cidos frutales ideal para sellar y mantener el color.\u00a0Enriquecido con Provitamina B5, vitamina A y E para un color vibrante, brillante y duradero. Con vitaminas A y E. Con \u00e1cido m\u00e1lico. Sin parabenos. Sin sulfatos. 100% vegano. Especialmente indicada para cabello coloreado, decolorado o con canas.<\/p>","protected":false},"featured_media":6469,"comment_status":"open","ping_status":"closed","template":"","meta":{"_acf_changed":false,"inline_featured_image":false},"product_cat":[105],"product_tag":[],"genre":[],"class_list":{"0":"post-6451","1":"product","2":"type-product","3":"status-publish","4":"has-post-thumbnail","6":"product_cat-salud","8":"first","9":"instock","10":"taxable","11":"shipping-taxable","12":"purchasable","13":"product-type-simple","14":"add-to-wishlist-after_add_to_cart"},"acf":[],"_links":{"self":[{"href":"https:\/\/compraencieza.es\/en\/wp-json\/wp\/v2\/product\/6451","targetHints":{"allow":["GET"]}}],"collection":[{"href":"https:\/\/compraencieza.es\/en\/wp-json\/wp\/v2\/product"}],"about":[{"href":"https:\/\/compraencieza.es\/en\/wp-json\/wp\/v2\/types\/product"}],"replies":[{"embeddable":true,"href":"https:\/\/compraencieza.es\/en\/wp-json\/wp\/v2\/comments?post=6451"}],"wp:featuredmedia":[{"embeddable":true,"href":"https:\/\/compraencieza.es\/en\/wp-json\/wp\/v2\/media\/6469"}],"wp:attachment":[{"href":"https:\/\/compraencieza.es\/en\/wp-json\/wp\/v2\/media?parent=6451"}],"wp:term":[{"taxonomy":"product_cat","embeddable":true,"href":"https:\/\/compraencieza.es\/en\/wp-json\/wp\/v2\/product_cat?post=6451"},{"taxonomy":"product_tag","embeddable":true,"href":"https:\/\/compraencieza.es\/en\/wp-json\/wp\/v2\/product_tag?post=6451"},{"taxonomy":"product_brand","embeddable":true,"href":"https:\/\/compraencieza.es\/en\/wp-json\/wp\/v2\/genre?post=6451"}],"curies":[{"name":"wp","href":"https:\/\/api.w.org\/{rel}","templated":true}]}}