{"id":6502,"date":"2025-01-10T16:05:58","date_gmt":"2025-01-10T15:05:58","guid":{"rendered":"https:\/\/compraencieza.es\/product\/cadena-cruz-corazones-135pen-agatha-ruiz-de-la-prada\/"},"modified":"2025-01-10T16:07:54","modified_gmt":"2025-01-10T15:07:54","slug":"cadena-cruz-corazones-135pen-agatha-ruiz-de-la-prada","status":"publish","type":"product","link":"https:\/\/compraencieza.es\/en\/product\/cadena-cruz-corazones-135pen-agatha-ruiz-de-la-prada\/","title":{"rendered":"Hearts Cross Chain 135PEN Agatha Ruiz De la Prada"},"content":{"rendered":"<h3>Hearts Cross Chain 135PEN Agatha Ruiz De la Prada<\/h3>\n<p>La cadena Cruz Corazones de Agatha Ruiz De la Prada es una pieza \u00fanica y llena de estilo que no puede faltar en tu colecci\u00f3n de joyas. Confeccionada en plata de ley con ba\u00f1o de rodio, esta cadena cuenta con una cruz adornada con corazones multicolor que le dan un toque divertido y juvenil.<\/p>\n<p>El cierre de mosquet\u00f3n garantiza la seguridad de la cadena, mientras que la cadena de extensi\u00f3n te permite ajustarla a la longitud deseada. Adem\u00e1s, cuenta con una perla que le a\u00f1ade un toque de elegancia y sofisticaci\u00f3n.<\/p>\n<p>Ya sea para usarla en tu d\u00eda a d\u00eda o para lucirla en ocasiones especiales, la cadena Cruz Corazones de Agatha Ruiz De la Prada es el complemento perfecto para cualquier outfit. Su dise\u00f1o original y llamativo la convierten en una pieza imprescindible para todas aquellas que buscan destacar con estilo.<\/p>\n<p>No esperes m\u00e1s y a\u00f1ade esta cadena a tu colecci\u00f3n de joyas. \u00a1Hazte con la tuya y deslumbra con el encanto de Agatha Ruiz De la Prada!<\/p>","protected":false},"excerpt":{"rendered":"<p>Cadena con Cruz con corazones multicolor de plata de ley con ba\u00f1o de rodio y perla.<\/p>\n<p>Cierre de mosquet\u00f3n. Tiene cadena de extensi\u00f3n.<\/p>","protected":false},"featured_media":6501,"comment_status":"open","ping_status":"closed","template":"","meta":{"_acf_changed":false,"inline_featured_image":false},"product_cat":[103],"product_tag":[],"genre":[],"class_list":{"0":"post-6502","1":"product","2":"type-product","3":"status-publish","4":"has-post-thumbnail","6":"product_cat-joyerias","8":"first","9":"instock","10":"taxable","11":"shipping-taxable","12":"product-type-simple","13":"add-to-wishlist-after_add_to_cart"},"acf":[],"_links":{"self":[{"href":"https:\/\/compraencieza.es\/en\/wp-json\/wp\/v2\/product\/6502","targetHints":{"allow":["GET"]}}],"collection":[{"href":"https:\/\/compraencieza.es\/en\/wp-json\/wp\/v2\/product"}],"about":[{"href":"https:\/\/compraencieza.es\/en\/wp-json\/wp\/v2\/types\/product"}],"replies":[{"embeddable":true,"href":"https:\/\/compraencieza.es\/en\/wp-json\/wp\/v2\/comments?post=6502"}],"wp:featuredmedia":[{"embeddable":true,"href":"https:\/\/compraencieza.es\/en\/wp-json\/wp\/v2\/media\/6501"}],"wp:attachment":[{"href":"https:\/\/compraencieza.es\/en\/wp-json\/wp\/v2\/media?parent=6502"}],"wp:term":[{"taxonomy":"product_cat","embeddable":true,"href":"https:\/\/compraencieza.es\/en\/wp-json\/wp\/v2\/product_cat?post=6502"},{"taxonomy":"product_tag","embeddable":true,"href":"https:\/\/compraencieza.es\/en\/wp-json\/wp\/v2\/product_tag?post=6502"},{"taxonomy":"product_brand","embeddable":true,"href":"https:\/\/compraencieza.es\/en\/wp-json\/wp\/v2\/genre?post=6502"}],"curies":[{"name":"wp","href":"https:\/\/api.w.org\/{rel}","templated":true}]}}