{"id":6504,"date":"2025-01-10T16:25:23","date_gmt":"2025-01-10T15:25:23","guid":{"rendered":"https:\/\/compraencieza.es\/product\/pendientes-agatha-ruiz-de-la-prada-tango-plata-bano-rodio-y-esmalte-multicolor-005tan\/"},"modified":"2025-01-10T16:25:23","modified_gmt":"2025-01-10T15:25:23","slug":"pendientes-agatha-ruiz-de-la-prada-tango-plata-bano-rodio-y-esmalte-multicolor-005tan","status":"publish","type":"product","link":"https:\/\/compraencieza.es\/en\/product\/pendientes-agatha-ruiz-de-la-prada-tango-plata-bano-rodio-y-esmalte-multicolor-005tan\/","title":{"rendered":"Agatha Ruiz de la Prada Tango Earrings Silver Rhodium Plated and Multicolor Enamel 005TAN"},"content":{"rendered":"<h3>Agatha Ruiz de la Prada Tango Earrings Silver Rhodium Plated and Multicolor Enamel 005TAN<\/h3>\n<p>Los Pendientes Agatha Ruiz de la Prada Tango son una verdadera obra de arte para llevar en tus orejas. Estos pendientes para mujer de la colecci\u00f3n Tango est\u00e1n fabricados en plata ba\u00f1ada en rodio, lo que les da un brillo y durabilidad excepcionales. Su dise\u00f1o en forma circular con diferentes motivos en su interior en esmalte multicolor los convierte en una pieza \u00fanica y llamativa que seguro captar\u00e1 todas las miradas.<\/p>\n<p>Los Pendientes Agatha Ruiz de la Prada Tango son el complemento perfecto para cualquier look, ya sea casual o m\u00e1s sofisticado. Su cierre de rosca garantiza que se mantendr\u00e1n seguros en su lugar durante todo el d\u00eda, para que puedas lucirlos con total confianza y comodidad.<\/p>\n<p>Agatha Ruiz de la Prada es una reconocida dise\u00f1adora espa\u00f1ola conocida por su estilo colorido, alegre y lleno de vida. Sus creaciones se caracterizan por la originalidad y la creatividad, y los Pendientes Agatha Ruiz de la Prada Tango no son una excepci\u00f3n. Con su combinaci\u00f3n de plata, rodio y esmalte multicolor, estos pendientes son una muestra perfecta del esp\u00edritu \u00fanico y vibrante de la marca.<\/p>\n<p>Ya sea que los uses para una ocasi\u00f3n especial o para el d\u00eda a d\u00eda, los Pendientes Agatha Ruiz de la Prada Tango son una elecci\u00f3n que no te defraudar\u00e1. Su dise\u00f1o atemporal y su calidad excepcional los convierten en una inversi\u00f3n que disfrutar\u00e1s durante muchos a\u00f1os. No esperes m\u00e1s y a\u00f1ade un toque de color y estilo a tu colecci\u00f3n de joyas con estos hermosos pendientes.<\/p>","protected":false},"excerpt":{"rendered":"<p><span>Pendientes Agatha Ruiz de la Prada para mujer de la colecci\u00f3n Tango fabricados en plata ba\u00f1ada en rodio en forma circular con diferentes motivos en su interior en esmalte multicolor. Su cierre es de rosca.<\/span><\/p>","protected":false},"featured_media":6503,"comment_status":"open","ping_status":"closed","template":"","meta":{"_acf_changed":false,"inline_featured_image":false},"product_cat":[103],"product_tag":[],"genre":[],"class_list":{"0":"post-6504","1":"product","2":"type-product","3":"status-publish","4":"has-post-thumbnail","6":"product_cat-joyerias","8":"first","9":"instock","10":"taxable","11":"shipping-taxable","12":"purchasable","13":"product-type-simple","14":"add-to-wishlist-after_add_to_cart"},"acf":[],"_links":{"self":[{"href":"https:\/\/compraencieza.es\/en\/wp-json\/wp\/v2\/product\/6504","targetHints":{"allow":["GET"]}}],"collection":[{"href":"https:\/\/compraencieza.es\/en\/wp-json\/wp\/v2\/product"}],"about":[{"href":"https:\/\/compraencieza.es\/en\/wp-json\/wp\/v2\/types\/product"}],"replies":[{"embeddable":true,"href":"https:\/\/compraencieza.es\/en\/wp-json\/wp\/v2\/comments?post=6504"}],"wp:featuredmedia":[{"embeddable":true,"href":"https:\/\/compraencieza.es\/en\/wp-json\/wp\/v2\/media\/6503"}],"wp:attachment":[{"href":"https:\/\/compraencieza.es\/en\/wp-json\/wp\/v2\/media?parent=6504"}],"wp:term":[{"taxonomy":"product_cat","embeddable":true,"href":"https:\/\/compraencieza.es\/en\/wp-json\/wp\/v2\/product_cat?post=6504"},{"taxonomy":"product_tag","embeddable":true,"href":"https:\/\/compraencieza.es\/en\/wp-json\/wp\/v2\/product_tag?post=6504"},{"taxonomy":"product_brand","embeddable":true,"href":"https:\/\/compraencieza.es\/en\/wp-json\/wp\/v2\/genre?post=6504"}],"curies":[{"name":"wp","href":"https:\/\/api.w.org\/{rel}","templated":true}]}}