{"id":6509,"date":"2025-01-10T16:28:24","date_gmt":"2025-01-10T15:28:24","guid":{"rendered":"https:\/\/compraencieza.es\/product\/reloj-digital-de-policarbonato-color-salmon-y-acero-iprg-rosa-tous-d-bear-fresh\/"},"modified":"2025-01-10T16:28:24","modified_gmt":"2025-01-10T15:28:24","slug":"reloj-digital-de-policarbonato-color-salmon-y-acero-iprg-rosa-tous-d-bear-fresh","status":"publish","type":"product","link":"https:\/\/compraencieza.es\/en\/product\/reloj-digital-de-policarbonato-color-salmon-y-acero-iprg-rosa-tous-d-bear-fresh\/","title":{"rendered":"Salmon-colored Polycarbonate and Pink Iprg Steel Digital Watch Tous D-Bear Fresh"},"content":{"rendered":"<h3>Salmon-colored Polycarbonate and Pink Iprg Steel Digital Watch Tous D-Bear Fresh<\/h3>\n<div class=\"details-poetic-description\">El reloj digital de policarbonato color salm\u00f3n y acero IPRG rosa Tous D-Bear Fresh es la opci\u00f3n m\u00e1s fresca y juvenil del popular modelo D-Bear. Su caja est\u00e1 elaborada con policarbonato en tonos vibrantes con un acabado efecto cristal completamente transparente que permite ver su interior. Las correas, fabricadas en poliuretano transparente del mismo color que la caja, logran un efecto fresco en todas sus versiones.La pantalla digital del reloj juega con una segundera que va construyendo la figura de un oso a medida que avanzan los segundos. Esta colecci\u00f3n es una expresi\u00f3n pura de color y frescura, ideal para lucir en el verano. El dise\u00f1o moderno y alegre del reloj lo convierte en el complemento perfecto para cualquier outfit casual o deportivo, agregando un toque de diversi\u00f3n y estilo a tu look diario.Adem\u00e1s de su atractivo est\u00e9tico, el reloj digital de policarbonato color salm\u00f3n y acero IPRG rosa Tous D-Bear Fresh cuenta con la calidad y precisi\u00f3n que caracteriza a la marca Tous. Con este accesorio, no solo estar\u00e1s a la moda, sino que tambi\u00e9n podr\u00e1s disfrutar de un reloj funcional y duradero. \u00a1No esperes m\u00e1s para a\u00f1adir este reloj a tu colecci\u00f3n y destacar con un toque de color y frescura en tu mu\u00f1eca!<\/div>","protected":false},"excerpt":{"rendered":"<p><span>La declinaci\u00f3n m\u00e1s fresca y joven del best-seller D-Bear. La caja est\u00e1 hecha con policarbonato de colores con acabado efecto cristal completamente transparente que deja ver su interior. Las correas son de poliuretano transparente del mismo color que la caja consiguiendo este efecto fresh en todas sus versiones. La pantalla digital juega con una segundera que construye el oso a medida que avanzan los segundos. Una colecci\u00f3n que es pura expresi\u00f3n de color y frescura para este verano.<\/span><\/p>","protected":false},"featured_media":6508,"comment_status":"open","ping_status":"closed","template":"","meta":{"_acf_changed":false,"inline_featured_image":false},"product_cat":[103],"product_tag":[],"genre":[],"class_list":{"0":"post-6509","1":"product","2":"type-product","3":"status-publish","4":"has-post-thumbnail","6":"product_cat-joyerias","8":"first","9":"instock","10":"taxable","11":"shipping-taxable","12":"product-type-simple","13":"add-to-wishlist-after_add_to_cart"},"acf":[],"_links":{"self":[{"href":"https:\/\/compraencieza.es\/en\/wp-json\/wp\/v2\/product\/6509","targetHints":{"allow":["GET"]}}],"collection":[{"href":"https:\/\/compraencieza.es\/en\/wp-json\/wp\/v2\/product"}],"about":[{"href":"https:\/\/compraencieza.es\/en\/wp-json\/wp\/v2\/types\/product"}],"replies":[{"embeddable":true,"href":"https:\/\/compraencieza.es\/en\/wp-json\/wp\/v2\/comments?post=6509"}],"wp:featuredmedia":[{"embeddable":true,"href":"https:\/\/compraencieza.es\/en\/wp-json\/wp\/v2\/media\/6508"}],"wp:attachment":[{"href":"https:\/\/compraencieza.es\/en\/wp-json\/wp\/v2\/media?parent=6509"}],"wp:term":[{"taxonomy":"product_cat","embeddable":true,"href":"https:\/\/compraencieza.es\/en\/wp-json\/wp\/v2\/product_cat?post=6509"},{"taxonomy":"product_tag","embeddable":true,"href":"https:\/\/compraencieza.es\/en\/wp-json\/wp\/v2\/product_tag?post=6509"},{"taxonomy":"product_brand","embeddable":true,"href":"https:\/\/compraencieza.es\/en\/wp-json\/wp\/v2\/genre?post=6509"}],"curies":[{"name":"wp","href":"https:\/\/api.w.org\/{rel}","templated":true}]}}