{"id":6532,"date":"2025-01-10T16:41:04","date_gmt":"2025-01-10T15:41:04","guid":{"rendered":"https:\/\/compraencieza.es\/product\/charm-colgante-pandora-100-aniversario-oswald-disney-792519c01\/"},"modified":"2025-01-10T16:41:04","modified_gmt":"2025-01-10T15:41:04","slug":"charm-colgante-pandora-100-aniversario-oswald-disney-792519c01","status":"publish","type":"product","link":"https:\/\/compraencieza.es\/en\/product\/charm-colgante-pandora-100-aniversario-oswald-disney-792519c01\/","title":{"rendered":"Pandora 100th Anniversary Oswald Disney Pendant Charm 792519C01"},"content":{"rendered":"<p><br data-mce-bogus=\"1\"><\/p>","protected":false},"excerpt":{"rendered":"<p><span>Charm Colgante 100 Aniversario Oswald de la colecci\u00f3n Disney de Pandora fabricado en plata de primera ley y aleaci\u00f3n de metales ba\u00f1ados en oro de 14 Kt.<\/span><\/p>","protected":false},"featured_media":6531,"comment_status":"open","ping_status":"closed","template":"","meta":{"_acf_changed":false,"inline_featured_image":false},"product_cat":[103],"product_tag":[],"genre":[],"class_list":{"0":"post-6532","1":"product","2":"type-product","3":"status-publish","4":"has-post-thumbnail","6":"product_cat-joyerias","8":"first","9":"instock","10":"taxable","11":"shipping-taxable","12":"product-type-simple","13":"add-to-wishlist-after_add_to_cart"},"acf":[],"_links":{"self":[{"href":"https:\/\/compraencieza.es\/en\/wp-json\/wp\/v2\/product\/6532","targetHints":{"allow":["GET"]}}],"collection":[{"href":"https:\/\/compraencieza.es\/en\/wp-json\/wp\/v2\/product"}],"about":[{"href":"https:\/\/compraencieza.es\/en\/wp-json\/wp\/v2\/types\/product"}],"replies":[{"embeddable":true,"href":"https:\/\/compraencieza.es\/en\/wp-json\/wp\/v2\/comments?post=6532"}],"wp:featuredmedia":[{"embeddable":true,"href":"https:\/\/compraencieza.es\/en\/wp-json\/wp\/v2\/media\/6531"}],"wp:attachment":[{"href":"https:\/\/compraencieza.es\/en\/wp-json\/wp\/v2\/media?parent=6532"}],"wp:term":[{"taxonomy":"product_cat","embeddable":true,"href":"https:\/\/compraencieza.es\/en\/wp-json\/wp\/v2\/product_cat?post=6532"},{"taxonomy":"product_tag","embeddable":true,"href":"https:\/\/compraencieza.es\/en\/wp-json\/wp\/v2\/product_tag?post=6532"},{"taxonomy":"product_brand","embeddable":true,"href":"https:\/\/compraencieza.es\/en\/wp-json\/wp\/v2\/genre?post=6532"}],"curies":[{"name":"wp","href":"https:\/\/api.w.org\/{rel}","templated":true}]}}