{"id":6549,"date":"2025-01-10T16:57:11","date_gmt":"2025-01-10T15:57:11","guid":{"rendered":"https:\/\/compraencieza.es\/product\/zapatillas-puma-club-5v5\/"},"modified":"2025-01-10T17:03:16","modified_gmt":"2025-01-10T16:03:16","slug":"zapatillas-puma-club-5v5","status":"publish","type":"product","link":"https:\/\/compraencieza.es\/en\/product\/zapatillas-puma-club-5v5\/","title":{"rendered":"PUMA Club 5v5 Sneakers \u2013 395104 04"},"content":{"rendered":"<p>Inspirada en el ambiente que se vive en las terrazas, la zapatilla casual Puma Club 5v5 nace en el terreno de juego y combina nuestra pasi\u00f3n por el f\u00fatbol con un estilo moderno. Presenta un exterior confeccionado en piel combinado con materiales sint\u00e9ticos. La puntera de ante en forma de T en el empeine le da ese aire cl\u00e1sico de los 80.<\/p>\n<p><strong>Composici\u00f3n<\/strong><\/p>\n<p>Plantilla: 100% Textil<\/p>\n<p>Suela: 100% Goma<\/p>\n<p>Exterior: 55.97% Sint\u00e9tico, 44.03% Piel de vacuno<\/p>\n<p>Forro: 100% Sint\u00e9tico<\/p>","protected":false},"excerpt":{"rendered":"<div class=\"content-slogan-value\" data-js-short-description=\"\">Inspirada en el ambiente que se vive en las terrazas, la zapatilla casual Puma Club 5v5 nace en el terreno de juego y combina nuestra pasi\u00f3n por el f\u00fatbol con un estilo modern&#8230;<\/div>\n<ul class=\"product-accordion-item-ul\">\n<li class=\"product-accordion-item-li\">\u00a0Modelo:\u00a0<span class=\"js-content-style-value js-desc-style\" dir=\"null\">395104_04<\/span><\/li>\n<li class=\"product-accordion-item-li\">\u00a0COLOR:\u00a0<span class=\"content-colour-value js-desc-colour\">PUMA White-PUMA Black-Vapor Gray<\/span><\/li>\n<\/ul>","protected":false},"featured_media":6548,"comment_status":"open","ping_status":"closed","template":"","meta":{"_acf_changed":false,"inline_featured_image":false},"product_cat":[96],"product_tag":[],"genre":[],"class_list":{"0":"post-6549","1":"product","2":"type-product","3":"status-publish","4":"has-post-thumbnail","6":"product_cat-deportes","8":"first","9":"instock","10":"sale","11":"taxable","12":"shipping-taxable","13":"product-type-simple","14":"add-to-wishlist-after_add_to_cart"},"acf":[],"_links":{"self":[{"href":"https:\/\/compraencieza.es\/en\/wp-json\/wp\/v2\/product\/6549","targetHints":{"allow":["GET"]}}],"collection":[{"href":"https:\/\/compraencieza.es\/en\/wp-json\/wp\/v2\/product"}],"about":[{"href":"https:\/\/compraencieza.es\/en\/wp-json\/wp\/v2\/types\/product"}],"replies":[{"embeddable":true,"href":"https:\/\/compraencieza.es\/en\/wp-json\/wp\/v2\/comments?post=6549"}],"wp:featuredmedia":[{"embeddable":true,"href":"https:\/\/compraencieza.es\/en\/wp-json\/wp\/v2\/media\/6548"}],"wp:attachment":[{"href":"https:\/\/compraencieza.es\/en\/wp-json\/wp\/v2\/media?parent=6549"}],"wp:term":[{"taxonomy":"product_cat","embeddable":true,"href":"https:\/\/compraencieza.es\/en\/wp-json\/wp\/v2\/product_cat?post=6549"},{"taxonomy":"product_tag","embeddable":true,"href":"https:\/\/compraencieza.es\/en\/wp-json\/wp\/v2\/product_tag?post=6549"},{"taxonomy":"product_brand","embeddable":true,"href":"https:\/\/compraencieza.es\/en\/wp-json\/wp\/v2\/genre?post=6549"}],"curies":[{"name":"wp","href":"https:\/\/api.w.org\/{rel}","templated":true}]}}