{"id":6564,"date":"2025-01-10T17:18:04","date_gmt":"2025-01-10T16:18:04","guid":{"rendered":"https:\/\/compraencieza.es\/product\/zapatilla-puma-smash-3-0-390984_17\/"},"modified":"2025-01-10T17:23:17","modified_gmt":"2025-01-10T16:23:17","slug":"zapatilla-puma-smash-3-0-390984_17","status":"publish","type":"product","link":"https:\/\/compraencieza.es\/en\/product\/zapatilla-puma-smash-3-0-390984_17\/","title":{"rendered":"Puma SMASH 3.0 Sneaker 390984_17"},"content":{"rendered":"<p>Las Smash, inspiradas en el tenis, han vuelto y son mejores que nunca. Presentan una silueta cl\u00e1sica con l\u00edneas largas y depuradas, adem\u00e1s de un cuello acolchado y una plantilla actualizados.<\/p>\n<p><strong>Composici\u00f3n<\/strong><\/p>\n<p>Plantilla: 100% Textil<\/p>\n<p>Suela: 100% Goma<\/p>\n<p>Exterior: 78.63% Piel de vacuno, 18.58% Sint\u00e9tico, 2.79% Textil<\/p>\n<p>Forro: 100% Textil<\/p>","protected":false},"excerpt":{"rendered":"<div class=\"content-slogan-value\" data-js-short-description=\"\">Las Smash, inspiradas en el tenis, han vuelto y son mejores que nunca. Presentan una silueta cl\u00e1sica con l\u00edneas largas y depuradas, adem\u00e1s de un cuello acolchado y una plantil&#8230;<\/div>\n<ul class=\"product-accordion-item-ul\">\n<li class=\"product-accordion-item-li\">\u00a0Modelo:\u00a0<span class=\"js-content-style-value js-desc-style\" dir=\"null\">390984_17<\/span><\/li>\n<\/ul>","protected":false},"featured_media":6563,"comment_status":"open","ping_status":"closed","template":"","meta":{"_acf_changed":false,"inline_featured_image":false},"product_cat":[96],"product_tag":[],"genre":[],"class_list":{"0":"post-6564","1":"product","2":"type-product","3":"status-publish","4":"has-post-thumbnail","6":"product_cat-deportes","8":"first","9":"instock","10":"sale","11":"taxable","12":"shipping-taxable","13":"purchasable","14":"product-type-simple","15":"add-to-wishlist-after_add_to_cart"},"acf":[],"_links":{"self":[{"href":"https:\/\/compraencieza.es\/en\/wp-json\/wp\/v2\/product\/6564","targetHints":{"allow":["GET"]}}],"collection":[{"href":"https:\/\/compraencieza.es\/en\/wp-json\/wp\/v2\/product"}],"about":[{"href":"https:\/\/compraencieza.es\/en\/wp-json\/wp\/v2\/types\/product"}],"replies":[{"embeddable":true,"href":"https:\/\/compraencieza.es\/en\/wp-json\/wp\/v2\/comments?post=6564"}],"wp:featuredmedia":[{"embeddable":true,"href":"https:\/\/compraencieza.es\/en\/wp-json\/wp\/v2\/media\/6563"}],"wp:attachment":[{"href":"https:\/\/compraencieza.es\/en\/wp-json\/wp\/v2\/media?parent=6564"}],"wp:term":[{"taxonomy":"product_cat","embeddable":true,"href":"https:\/\/compraencieza.es\/en\/wp-json\/wp\/v2\/product_cat?post=6564"},{"taxonomy":"product_tag","embeddable":true,"href":"https:\/\/compraencieza.es\/en\/wp-json\/wp\/v2\/product_tag?post=6564"},{"taxonomy":"product_brand","embeddable":true,"href":"https:\/\/compraencieza.es\/en\/wp-json\/wp\/v2\/genre?post=6564"}],"curies":[{"name":"wp","href":"https:\/\/api.w.org\/{rel}","templated":true}]}}