{"id":6572,"date":"2025-01-10T17:35:01","date_gmt":"2025-01-10T16:35:01","guid":{"rendered":"https:\/\/compraencieza.es\/product\/zapatillas-puma-rbd-game-385839-30\/"},"modified":"2025-01-10T17:36:02","modified_gmt":"2025-01-10T16:36:02","slug":"zapatillas-puma-rbd-game-385839-30","status":"publish","type":"product","link":"https:\/\/compraencieza.es\/en\/product\/zapatillas-puma-rbd-game-385839-30\/","title":{"rendered":"Puma RBD Game Sneakers \u2013 385839 30"},"content":{"rendered":"<p><span style=\"font-family: Roboto, sans-serif;font-size: 14px;letter-spacing: 0.14px\">Inspiradas en el baloncesto, los cl\u00e1sicos y la cultura pop, estas zapatillas est\u00e1n aqu\u00ed para cambiar el statu quo. Ya sea en la cancha o pasando el rato con amigos, estas zapatillas que cambian el juego son f\u00e1ciles de llevar, con una parte superior de suave piel vuelta y un cierre de velcro en la parte superior. Camina por la vida con estilo y comodidad gracias a la amortiguaci\u00f3n superior de la plantilla SoftFoam+ y los llamativos colores del dise\u00f1o retro de la suela.<\/span><br style=\"font-family: Roboto, sans-serif;font-size: 14px;letter-spacing: 0.14px\"><\/p>\n<p><strong><span style=\"font-family: Roboto, sans-serif;font-size: 14px;letter-spacing: 0.14px\" data-mce-style=\"color: #000000; font-family: Roboto, sans-serif; font-size: 14px; letter-spacing: 0.14px;\">Especificaciones:<\/span><\/strong><br style=\"font-family: Roboto, sans-serif;font-size: 14px;letter-spacing: 0.14px\"><br style=\"font-family: Roboto, sans-serif;font-size: 14px;letter-spacing: 0.14px\"><span style=\"font-family: Roboto, sans-serif;font-size: 14px;letter-spacing: 0.14px\">&#8211; Mediasuela: 100 % goma<\/span><br style=\"font-family: Roboto, sans-serif;font-size: 14px;letter-spacing: 0.14px\"><span style=\"font-family: Roboto, sans-serif;font-size: 14px;letter-spacing: 0.14px\">&#8211; Plantilla: 100 % textil<\/span><br style=\"font-family: Roboto, sans-serif;font-size: 14px;letter-spacing: 0.14px\"><span style=\"font-family: Roboto, sans-serif;font-size: 14px;letter-spacing: 0.14px\">&#8211; Suela: 100 % goma<\/span><br style=\"font-family: Roboto, sans-serif;font-size: 14px;letter-spacing: 0.14px\"><span style=\"font-family: Roboto, sans-serif;font-size: 14px;letter-spacing: 0.14px\">&#8211; Parte superior: 48,46 % lana, 46,33 % sint\u00e9tico, 5,21 % textil<\/span><br style=\"font-family: Roboto, sans-serif;font-size: 14px;letter-spacing: 0.14px\"><span style=\"font-family: Roboto, sans-serif;font-size: 14px;letter-spacing: 0.14px\">&#8211; Forro: 100 % textil<\/span><\/p>","protected":false},"excerpt":{"rendered":"<p><span style=\"font-family: Roboto, sans-serif;font-size: 14px;letter-spacing: 0.14px\">Characteristics:<\/span><br style=\"font-family: Roboto, sans-serif;font-size: 14px;letter-spacing: 0.14px\"><br style=\"font-family: Roboto, sans-serif;font-size: 14px;letter-spacing: 0.14px\"><span style=\"font-family: Roboto, sans-serif;font-size: 14px;letter-spacing: 0.14px\">&#8211; SOFTFOAM+: plantilla de confort para un calce c\u00f3modo dise\u00f1ada para proporcionar una amortiguaci\u00f3n suave gracias a su tal\u00f3n extragrueso<\/span><br style=\"font-family: Roboto, sans-serif;font-size: 14px;letter-spacing: 0.14px\"><span style=\"font-family: Roboto, sans-serif;font-size: 14px;letter-spacing: 0.14px\">&#8211; Contenido reciclado: la parte superior de esta zapatilla est\u00e1 hecha con al menos un 20 % de materiales reciclados como un paso hacia un futuro mejor<\/span><br style=\"font-family: Roboto, sans-serif;font-size: 14px;letter-spacing: 0.14px\"><span style=\"font-family: Roboto, sans-serif;font-size: 14px;letter-spacing: 0.14px\">&#8211; Parte superior reciclada<\/span><br style=\"font-family: Roboto, sans-serif;font-size: 14px;letter-spacing: 0.14px\"><span style=\"font-family: Roboto, sans-serif;font-size: 14px;letter-spacing: 0.14px\">&#8211; Mediasuela de goma<\/span><br style=\"font-family: Roboto, sans-serif;font-size: 14px;letter-spacing: 0.14px\"><span style=\"font-family: Roboto, sans-serif;font-size: 14px;letter-spacing: 0.14px\">&#8211; Suela de goma<\/span><br style=\"font-family: Roboto, sans-serif;font-size: 14px;letter-spacing: 0.14px\"><span style=\"font-family: Roboto, sans-serif;font-size: 14px;letter-spacing: 0.14px\">&#8211; PUMA Formstrip en los laterales y el mediopi\u00e9<\/span><br style=\"font-family: Roboto, sans-serif;font-size: 14px;letter-spacing: 0.14px\"><span style=\"font-family: Roboto, sans-serif;font-size: 14px;letter-spacing: 0.14px\">&#8211; Logotipo PUMA Cat en el tal\u00f3n<\/span><br style=\"font-family: Roboto, sans-serif;font-size: 14px;letter-spacing: 0.14px\"><\/p>","protected":false},"featured_media":6571,"comment_status":"open","ping_status":"closed","template":"","meta":{"_acf_changed":false,"inline_featured_image":false},"product_cat":[96],"product_tag":[],"genre":[],"class_list":{"0":"post-6572","1":"product","2":"type-product","3":"status-publish","4":"has-post-thumbnail","6":"product_cat-deportes","8":"first","9":"instock","10":"sale","11":"taxable","12":"shipping-taxable","13":"product-type-simple","14":"add-to-wishlist-after_add_to_cart"},"acf":[],"_links":{"self":[{"href":"https:\/\/compraencieza.es\/en\/wp-json\/wp\/v2\/product\/6572","targetHints":{"allow":["GET"]}}],"collection":[{"href":"https:\/\/compraencieza.es\/en\/wp-json\/wp\/v2\/product"}],"about":[{"href":"https:\/\/compraencieza.es\/en\/wp-json\/wp\/v2\/types\/product"}],"replies":[{"embeddable":true,"href":"https:\/\/compraencieza.es\/en\/wp-json\/wp\/v2\/comments?post=6572"}],"wp:featuredmedia":[{"embeddable":true,"href":"https:\/\/compraencieza.es\/en\/wp-json\/wp\/v2\/media\/6571"}],"wp:attachment":[{"href":"https:\/\/compraencieza.es\/en\/wp-json\/wp\/v2\/media?parent=6572"}],"wp:term":[{"taxonomy":"product_cat","embeddable":true,"href":"https:\/\/compraencieza.es\/en\/wp-json\/wp\/v2\/product_cat?post=6572"},{"taxonomy":"product_tag","embeddable":true,"href":"https:\/\/compraencieza.es\/en\/wp-json\/wp\/v2\/product_tag?post=6572"},{"taxonomy":"product_brand","embeddable":true,"href":"https:\/\/compraencieza.es\/en\/wp-json\/wp\/v2\/genre?post=6572"}],"curies":[{"name":"wp","href":"https:\/\/api.w.org\/{rel}","templated":true}]}}