{"id":6579,"date":"2025-01-10T17:42:45","date_gmt":"2025-01-10T16:42:45","guid":{"rendered":"https:\/\/compraencieza.es\/product\/zapatillas-puma-prospect-3794676_11\/"},"modified":"2025-01-10T17:42:45","modified_gmt":"2025-01-10T16:42:45","slug":"zapatillas-puma-prospect-3794676_11","status":"publish","type":"product","link":"https:\/\/compraencieza.es\/en\/product\/zapatillas-puma-prospect-3794676_11\/","title":{"rendered":"Puma Prospect sneakers \u2013 3794676_11"},"content":{"rendered":"<p>La Prospect, una nueva zapatilla con car\u00e1cter. La zapatilla presenta una espuma PROFOAM completa que suaviza la pisada y mejora la transferencia de energ\u00eda. La suela, totalmente de goma, est\u00e1 dividida en zonas para ofrecer un agarre superior en todas las condiciones. Incorpora tecnolog\u00edas que favorecen la estabilidad y la hacen f\u00e1cil de poner y quitar.<\/p>\n<p><strong>DETALLES<\/strong><\/p>\n<p>Exterior textil<\/p>\n<p>Forro y plantilla textil<\/p>\n<p>Formstrip TRAIN PUMA<\/p>\n<p>Clip de TPU para mejorar la estabilidad en el tal\u00f3n<\/p>\n<p>Cubierta de goma en el mediopi\u00e9 que favorece la estabilidad y la durabilidad<\/p>\n<p>El tal\u00f3n presenta un cuello de espuma acolchado<\/p>\n<p><\/p>","protected":false},"excerpt":{"rendered":"<div class=\"content-slogan-value\" data-js-short-description=\"\">La Prospect, una nueva zapatilla con car\u00e1cter. La zapatilla presenta una espuma PROFOAM completa que suaviza la pisada y mejora la transferencia de energ\u00eda. La suela, totalmen&#8230;<\/div>\n<ul class=\"product-accordion-item-ul\">\n<li class=\"product-accordion-item-li\">\u00a0Modelo:\u00a0<span class=\"js-content-style-value js-desc-style\" dir=\"null\">379476_11<\/span><\/li>\n<\/ul>","protected":false},"featured_media":6578,"comment_status":"open","ping_status":"closed","template":"","meta":{"_acf_changed":false,"inline_featured_image":false},"product_cat":[96],"product_tag":[],"genre":[],"class_list":{"0":"post-6579","1":"product","2":"type-product","3":"status-publish","4":"has-post-thumbnail","6":"product_cat-deportes","8":"first","9":"instock","10":"sale","11":"taxable","12":"shipping-taxable","13":"product-type-simple","14":"add-to-wishlist-after_add_to_cart"},"acf":[],"_links":{"self":[{"href":"https:\/\/compraencieza.es\/en\/wp-json\/wp\/v2\/product\/6579","targetHints":{"allow":["GET"]}}],"collection":[{"href":"https:\/\/compraencieza.es\/en\/wp-json\/wp\/v2\/product"}],"about":[{"href":"https:\/\/compraencieza.es\/en\/wp-json\/wp\/v2\/types\/product"}],"replies":[{"embeddable":true,"href":"https:\/\/compraencieza.es\/en\/wp-json\/wp\/v2\/comments?post=6579"}],"wp:featuredmedia":[{"embeddable":true,"href":"https:\/\/compraencieza.es\/en\/wp-json\/wp\/v2\/media\/6578"}],"wp:attachment":[{"href":"https:\/\/compraencieza.es\/en\/wp-json\/wp\/v2\/media?parent=6579"}],"wp:term":[{"taxonomy":"product_cat","embeddable":true,"href":"https:\/\/compraencieza.es\/en\/wp-json\/wp\/v2\/product_cat?post=6579"},{"taxonomy":"product_tag","embeddable":true,"href":"https:\/\/compraencieza.es\/en\/wp-json\/wp\/v2\/product_tag?post=6579"},{"taxonomy":"product_brand","embeddable":true,"href":"https:\/\/compraencieza.es\/en\/wp-json\/wp\/v2\/genre?post=6579"}],"curies":[{"name":"wp","href":"https:\/\/api.w.org\/{rel}","templated":true}]}}