{"id":6591,"date":"2025-01-10T18:00:05","date_gmt":"2025-01-10T17:00:05","guid":{"rendered":"https:\/\/compraencieza.es\/product\/sudadera-puma-con-capucha-ess-elevated-682503_67\/"},"modified":"2025-01-10T18:00:05","modified_gmt":"2025-01-10T17:00:05","slug":"sudadera-puma-con-capucha-ess-elevated-682503_67","status":"publish","type":"product","link":"https:\/\/compraencieza.es\/en\/product\/sudadera-puma-con-capucha-ess-elevated-682503_67\/","title":{"rendered":"Puma ESS ELEVATED Hoodie \u2013 682503_67"},"content":{"rendered":"<p>Para planes tranquilos de noche o para descansar en casa, esta c\u00f3moda prenda es un b\u00e1sico para recargar tus bater\u00edas con estilo. Tiene una capucha extragrande, un tejido de felpa suave y un corte holgado, ideal para acurrucarte. Lleva el ic\u00f3nico logo de PUMA. A\u00f1\u00e1dela a tu armario para vestir un look c\u00f3modo y desenfadado.<\/p>\n<p><strong>Composici\u00f3n<\/strong><\/p>\n<p>Exterior: 62% Poli\u00e9ster, 34% Algod\u00f3n, 4% Elastano<\/p>\n<p><strong>DETALLES<\/strong><\/p>\n<p>Corte c\u00f3modo<\/p>\n<p>Dise\u00f1o con capucha<\/p>\n<p>Manga larga<\/p>\n<p>Bajos en tejido exterior<\/p>\n<p>Detalles de la marca PUMA<\/p>\n<p><\/p>","protected":false},"excerpt":{"rendered":"<div class=\"content-slogan-value\" data-js-short-description=\"\">Para planes tranquilos de noche o para descansar en casa, esta c\u00f3moda prenda es un b\u00e1sico para recargar tus bater\u00edas con estilo. Tiene una capucha extragrande, un tejido de fe&#8230;<\/div>\n<ul class=\"product-accordion-item-ul\">\n<li class=\"product-accordion-item-li\">\u00a0Modelo:\u00a0<span class=\"js-content-style-value js-desc-style\" dir=\"null\">682503_67<\/span><\/li>\n<li class=\"product-accordion-item-li\">\u00a0COLOR:\u00a0<span class=\"content-colour-value js-desc-colour\">Marr\u00f3n<\/span><\/li>\n<\/ul>","protected":false},"featured_media":6590,"comment_status":"open","ping_status":"closed","template":"","meta":{"_acf_changed":false,"inline_featured_image":false},"product_cat":[96],"product_tag":[],"genre":[],"class_list":{"0":"post-6591","1":"product","2":"type-product","3":"status-publish","4":"has-post-thumbnail","6":"product_cat-deportes","8":"first","9":"instock","10":"sale","11":"taxable","12":"shipping-taxable","13":"product-type-simple","14":"add-to-wishlist-after_add_to_cart"},"acf":[],"_links":{"self":[{"href":"https:\/\/compraencieza.es\/en\/wp-json\/wp\/v2\/product\/6591","targetHints":{"allow":["GET"]}}],"collection":[{"href":"https:\/\/compraencieza.es\/en\/wp-json\/wp\/v2\/product"}],"about":[{"href":"https:\/\/compraencieza.es\/en\/wp-json\/wp\/v2\/types\/product"}],"replies":[{"embeddable":true,"href":"https:\/\/compraencieza.es\/en\/wp-json\/wp\/v2\/comments?post=6591"}],"wp:featuredmedia":[{"embeddable":true,"href":"https:\/\/compraencieza.es\/en\/wp-json\/wp\/v2\/media\/6590"}],"wp:attachment":[{"href":"https:\/\/compraencieza.es\/en\/wp-json\/wp\/v2\/media?parent=6591"}],"wp:term":[{"taxonomy":"product_cat","embeddable":true,"href":"https:\/\/compraencieza.es\/en\/wp-json\/wp\/v2\/product_cat?post=6591"},{"taxonomy":"product_tag","embeddable":true,"href":"https:\/\/compraencieza.es\/en\/wp-json\/wp\/v2\/product_tag?post=6591"},{"taxonomy":"product_brand","embeddable":true,"href":"https:\/\/compraencieza.es\/en\/wp-json\/wp\/v2\/genre?post=6591"}],"curies":[{"name":"wp","href":"https:\/\/api.w.org\/{rel}","templated":true}]}}