{"id":6594,"date":"2025-01-13T16:21:10","date_gmt":"2025-01-13T15:21:10","guid":{"rendered":"https:\/\/compraencieza.es\/product\/pantalones-puma-ess-elevated-681501_67\/"},"modified":"2025-01-13T16:21:10","modified_gmt":"2025-01-13T15:21:10","slug":"pantalones-puma-ess-elevated-681501_67","status":"publish","type":"product","link":"https:\/\/compraencieza.es\/en\/product\/pantalones-puma-ess-elevated-681501_67\/","title":{"rendered":"Puma ESS ELEVATED Pants \u2013 681501_67"},"content":{"rendered":"<p>Presume de estilo en tu tiempo libre con los pantalones rectos ESS ELEVATED. Tienen una cintura el\u00e1stica y un corte holgado para relajarte con comodidad. El logotipo bordado le da un toque deportivo. Comb\u00ednalos con una sudadera corta para llevar un look informal a la \u00faltima o p\u00f3ntelos con unas zapatillas. Estos b\u00e1sicos de punto se adaptan a cualquier situaci\u00f3n.<\/p>\n<p><strong>Composici\u00f3n<\/strong><\/p>\n<p>Exterior: 62% Poli\u00e9ster, 34% Algod\u00f3n, 4% Elastano<\/p>\n<p><strong>DETALLES<\/strong><\/p>\n<p>Corte est\u00e1ndar<\/p>\n<p>Tiro alto<\/p>\n<p>Cintura el\u00e1stica con cord\u00f3n interior<\/p>\n<p>Estampado bordado<\/p>\n<p>Detalles de la marca PUMA<\/p>","protected":false},"excerpt":{"rendered":"<div class=\"content-slogan-value\" data-js-short-description=\"\">Presume de estilo en tu tiempo libre con los pantalones rectos ESS ELEVATED. Tienen una cintura el\u00e1stica y un corte holgado para relajarte con comodidad.\u00a0<\/div>\n<ul class=\"product-accordion-item-ul\">\n<li class=\"product-accordion-item-li\">\u00a0Modelo:\u00a0<span class=\"js-content-style-value js-desc-style\" dir=\"null\">681501_67<\/span><\/li>\n<\/ul>","protected":false},"featured_media":6592,"comment_status":"open","ping_status":"closed","template":"","meta":{"_acf_changed":false,"inline_featured_image":false},"product_cat":[96],"product_tag":[],"genre":[],"class_list":{"0":"post-6594","1":"product","2":"type-product","3":"status-publish","4":"has-post-thumbnail","6":"product_cat-deportes","8":"first","9":"instock","10":"sale","11":"taxable","12":"shipping-taxable","13":"product-type-simple","14":"add-to-wishlist-after_add_to_cart"},"acf":[],"_links":{"self":[{"href":"https:\/\/compraencieza.es\/en\/wp-json\/wp\/v2\/product\/6594","targetHints":{"allow":["GET"]}}],"collection":[{"href":"https:\/\/compraencieza.es\/en\/wp-json\/wp\/v2\/product"}],"about":[{"href":"https:\/\/compraencieza.es\/en\/wp-json\/wp\/v2\/types\/product"}],"replies":[{"embeddable":true,"href":"https:\/\/compraencieza.es\/en\/wp-json\/wp\/v2\/comments?post=6594"}],"wp:featuredmedia":[{"embeddable":true,"href":"https:\/\/compraencieza.es\/en\/wp-json\/wp\/v2\/media\/6592"}],"wp:attachment":[{"href":"https:\/\/compraencieza.es\/en\/wp-json\/wp\/v2\/media?parent=6594"}],"wp:term":[{"taxonomy":"product_cat","embeddable":true,"href":"https:\/\/compraencieza.es\/en\/wp-json\/wp\/v2\/product_cat?post=6594"},{"taxonomy":"product_tag","embeddable":true,"href":"https:\/\/compraencieza.es\/en\/wp-json\/wp\/v2\/product_tag?post=6594"},{"taxonomy":"product_brand","embeddable":true,"href":"https:\/\/compraencieza.es\/en\/wp-json\/wp\/v2\/genre?post=6594"}],"curies":[{"name":"wp","href":"https:\/\/api.w.org\/{rel}","templated":true}]}}