{"id":6610,"date":"2025-01-13T16:44:00","date_gmt":"2025-01-13T15:44:00","guid":{"rendered":"https:\/\/compraencieza.es\/product\/pantalones-individual-liga-training-pants-puma-65958501\/"},"modified":"2025-01-13T16:45:56","modified_gmt":"2025-01-13T15:45:56","slug":"pantalones-individual-liga-training-pants-puma-65958501","status":"publish","type":"product","link":"https:\/\/compraencieza.es\/en\/product\/pantalones-individual-liga-training-pants-puma-65958501\/","title":{"rendered":"Individual Pants Liga Training Pants Puma \u2013 65958501"},"content":{"rendered":"<p>Tus sesiones de entrenamiento acaban de mejorar. Estos ligeros pantalones de punto est\u00e1n confeccionados para ofrecer comodidad y rendimiento en el campo, con bolsillos con cremallera, contrastes de malla y tecnolog\u00eda dryCELL para mantenerte seco. Ahora, sal ah\u00ed fuera y demu\u00e9strales lo que tienes.<\/p>","protected":false},"excerpt":{"rendered":"<p>Tus sesiones de entrenamiento acaban de mejorar. Estos ligeros pantalones de punto est\u00e1n confeccionados para ofrecer comodidad y rendimiento en el campo, con bolsillos con cremallera, contrastes de malla y tecnolog\u00eda dryCELL para mantenerte seco. Ahora, sal ah\u00ed fuera y demu\u00e9strales lo que tienes.<\/p>","protected":false},"featured_media":6609,"comment_status":"open","ping_status":"closed","template":"","meta":{"_acf_changed":false,"inline_featured_image":false},"product_cat":[96],"product_tag":[],"genre":[],"class_list":{"0":"post-6610","1":"product","2":"type-product","3":"status-publish","4":"has-post-thumbnail","6":"product_cat-deportes","8":"first","9":"instock","10":"sale","11":"taxable","12":"shipping-taxable","13":"product-type-simple","14":"add-to-wishlist-after_add_to_cart"},"acf":[],"_links":{"self":[{"href":"https:\/\/compraencieza.es\/en\/wp-json\/wp\/v2\/product\/6610","targetHints":{"allow":["GET"]}}],"collection":[{"href":"https:\/\/compraencieza.es\/en\/wp-json\/wp\/v2\/product"}],"about":[{"href":"https:\/\/compraencieza.es\/en\/wp-json\/wp\/v2\/types\/product"}],"replies":[{"embeddable":true,"href":"https:\/\/compraencieza.es\/en\/wp-json\/wp\/v2\/comments?post=6610"}],"wp:featuredmedia":[{"embeddable":true,"href":"https:\/\/compraencieza.es\/en\/wp-json\/wp\/v2\/media\/6609"}],"wp:attachment":[{"href":"https:\/\/compraencieza.es\/en\/wp-json\/wp\/v2\/media?parent=6610"}],"wp:term":[{"taxonomy":"product_cat","embeddable":true,"href":"https:\/\/compraencieza.es\/en\/wp-json\/wp\/v2\/product_cat?post=6610"},{"taxonomy":"product_tag","embeddable":true,"href":"https:\/\/compraencieza.es\/en\/wp-json\/wp\/v2\/product_tag?post=6610"},{"taxonomy":"product_brand","embeddable":true,"href":"https:\/\/compraencieza.es\/en\/wp-json\/wp\/v2\/genre?post=6610"}],"curies":[{"name":"wp","href":"https:\/\/api.w.org\/{rel}","templated":true}]}}