{"id":6620,"date":"2025-01-15T13:22:12","date_gmt":"2025-01-15T12:22:12","guid":{"rendered":"https:\/\/compraencieza.es\/product\/chaqueta-acolchada-nebula-shr12789-negro\/"},"modified":"2025-01-16T11:06:10","modified_gmt":"2025-01-16T10:06:10","slug":"chaqueta-acolchada-nebula-shr12789-negro","status":"publish","type":"product","link":"https:\/\/compraencieza.es\/en\/product\/chaqueta-acolchada-nebula-shr12789-negro\/","title":{"rendered":"NEBULA padded jacket \u2013 SHR12789 Black"},"content":{"rendered":"<div style=\"border: 0px;font-size: 14px;line-height: 1.802rem;font-family: Roboto, Arial, sans-serif;margin: 0px;padding: 0px\" data-mce-style=\"border: 0px; font-size: 14px; line-height: 1.802rem; font-family: Roboto, Arial, sans-serif; margin: 0px; padding: 0px;\">\n<p style=\"border: 0px;font-style: inherit;font-variant: inherit;font-size: inherit;line-height: 1.802rem;font-family: inherit;margin: 0px;padding: 0px\" data-mce-style=\"border: 0px; font-style: inherit; font-variant: inherit; font-size: inherit; line-height: 1.802rem; font-family: inherit; margin: 0px; padding: 0px;\"><span style=\"border: 0px;font-style: inherit;font-variant: inherit;font-size: inherit;line-height: 1.802rem;font-family: inherit;margin: 0px;padding: 0px\" data-mce-style=\"border: 0px; font-style: inherit; font-variant: inherit; font-size: inherit; line-height: 1.802rem; font-family: inherit; margin: 0px; padding: 0px;\">Nueva colecci\u00f3n Ellesse 2024<\/span><\/p>\n<\/div>\n<ul style=\"border: 0px;font-size: 14px;line-height: 1.802rem;font-family: Roboto, Arial, sans-serif;margin: 0px;padding: 0px;list-style-type: none\" data-mce-style=\"border: 0px; font-size: 14px; line-height: 1.802rem; font-family: Roboto, Arial, sans-serif; margin: 0px; padding: 0px; list-style-type: none;\">\n<li><\/li>\n<li style=\"border: 0px;font-style: inherit;font-variant: inherit;font-size: inherit;line-height: 1.802rem;font-family: inherit;margin: 0px;padding: 0px\" data-mce-style=\"border: 0px; font-style: inherit; font-variant: inherit; font-size: inherit; line-height: 1.802rem; font-family: inherit; margin: 0px; padding: 0px;\">\n<p style=\"border: 0px;font-style: inherit;font-variant: inherit;font-size: inherit;line-height: 1.802rem;font-family: inherit;margin: 0px;padding: 0px\" data-mce-style=\"border: 0px; font-style: inherit; font-variant: inherit; font-size: inherit; line-height: 1.802rem; font-family: inherit; margin: 0px; padding: 0px;\"><span style=\"border: 0px;font-style: inherit;font-variant: inherit;font-size: inherit;line-height: 1.802rem;font-family: inherit;margin: 0px;padding: 0px\" data-mce-style=\"border: 0px; font-style: inherit; font-variant: inherit; font-size: inherit; line-height: 1.802rem; font-family: inherit; margin: 0px; padding: 0px;\">Modelo<em style=\"line-height: 1.802rem;margin: 0px\" data-mce-style=\"line-height: 1.802rem; margin: 0px;\">\u00a0Nebula SHR12789<\/em><\/span>\u00a0&#8211; Moderna chaqueta de plum\u00f3n con parches Ellesse bordados en el pecho y los hombros &#8211; Cierre con cremallera met\u00e1lica &#8211; Cuello alto &#8211; Bolsillos laterales con cremallera &#8211; Cintura y pu\u00f1os el\u00e1sticos<\/p>\n<\/li>\n<li><\/li>\n<li style=\"border: 0px;font-style: inherit;font-variant: inherit;font-size: inherit;line-height: 1.802rem;font-family: inherit;margin: 0px;padding: 0px\" data-mce-style=\"border: 0px; font-style: inherit; font-variant: inherit; font-size: inherit; line-height: 1.802rem; font-family: inherit; margin: 0px; padding: 0px;\"><span style=\"border: 0px;font-style: inherit;font-variant: inherit;font-size: inherit;line-height: 1.802rem;font-family: inherit;margin: 0px;padding: 0px\" data-mce-style=\"border: 0px; font-style: inherit; font-variant: inherit; font-size: inherit; line-height: 1.802rem; font-family: inherit; margin: 0px; padding: 0px;\">COMPOSICI\u00d3N Y CUIDADO<\/span> 100% Poliamida Forro: 100% Poli\u00e9ster Lavable a m\u00e1quina a 30\u00b0.<\/li>\n<\/ul>","protected":false},"excerpt":{"rendered":"<div style=\"border: 0px;font-size: 14px;line-height: 1.802rem;font-family: Roboto, Arial, sans-serif;margin: 0px;padding: 0px\" data-mce-style=\"border: 0px; font-size: 14px; line-height: 1.802rem; font-family: Roboto, Arial, sans-serif; margin: 0px; padding: 0px;\">\n<p style=\"border: 0px;font-style: inherit;font-variant: inherit;font-size: inherit;line-height: 1.802rem;font-family: inherit;margin: 0px;padding: 0px\" data-mce-style=\"border: 0px; font-style: inherit; font-variant: inherit; font-size: inherit; line-height: 1.802rem; font-family: inherit; margin: 0px; padding: 0px;\"><span style=\"border: 0px;font-style: inherit;font-variant: inherit;font-size: inherit;line-height: 1.802rem;font-family: inherit;margin: 0px;padding: 0px\" data-mce-style=\"border: 0px; font-style: inherit; font-variant: inherit; font-size: inherit; line-height: 1.802rem; font-family: inherit; margin: 0px; padding: 0px;\">Nueva colecci\u00f3n Ellesse 2024<\/span><\/p>\n<\/div>\n<ul style=\"border: 0px;font-size: 14px;line-height: 1.802rem;font-family: Roboto, Arial, sans-serif;margin: 0px;padding: 0px;list-style-type: none\" data-mce-style=\"border: 0px; font-size: 14px; line-height: 1.802rem; font-family: Roboto, Arial, sans-serif; margin: 0px; padding: 0px; list-style-type: none;\">\n<li><\/li>\n<li style=\"border: 0px;font-style: inherit;font-variant: inherit;font-size: inherit;line-height: 1.802rem;font-family: inherit;margin: 0px;padding: 0px\" data-mce-style=\"border: 0px; font-style: inherit; font-variant: inherit; font-size: inherit; line-height: 1.802rem; font-family: inherit; margin: 0px; padding: 0px;\">\n<p style=\"border: 0px;font-style: inherit;font-variant: inherit;font-size: inherit;line-height: 1.802rem;font-family: inherit;margin: 0px;padding: 0px\" data-mce-style=\"border: 0px; font-style: inherit; font-variant: inherit; font-size: inherit; line-height: 1.802rem; font-family: inherit; margin: 0px; padding: 0px;\"><span style=\"border: 0px;font-style: inherit;font-variant: inherit;font-size: inherit;line-height: 1.802rem;font-family: inherit;margin: 0px;padding: 0px\" data-mce-style=\"border: 0px; font-style: inherit; font-variant: inherit; font-size: inherit; line-height: 1.802rem; font-family: inherit; margin: 0px; padding: 0px;\">Modelo<em style=\"line-height: 1.802rem;margin: 0px\" data-mce-style=\"line-height: 1.802rem; margin: 0px;\">\u00a0Nebula SHR12789<\/em><\/span>\u00a0&#8211; Moderna chaqueta de plum\u00f3n con parches Ellesse bordados en el pecho y los hombros &#8211; Cierre con cremallera met\u00e1lica &#8211; Cuello alto &#8211; Bolsillos laterales con cremallera &#8211; Cintura y pu\u00f1os el\u00e1sticos<\/p>\n<\/li>\n<li><\/li>\n<li style=\"border: 0px;font-style: inherit;font-variant: inherit;font-size: inherit;line-height: 1.802rem;font-family: inherit;margin: 0px;padding: 0px\" data-mce-style=\"border: 0px; font-style: inherit; font-variant: inherit; font-size: inherit; line-height: 1.802rem; font-family: inherit; margin: 0px; padding: 0px;\"><span style=\"border: 0px;font-style: inherit;font-variant: inherit;font-size: inherit;line-height: 1.802rem;font-family: inherit;margin: 0px;padding: 0px\" data-mce-style=\"border: 0px; font-style: inherit; font-variant: inherit; font-size: inherit; line-height: 1.802rem; font-family: inherit; margin: 0px; padding: 0px;\">COMPOSICI\u00d3N Y CUIDADO<\/span>\u00a0100% Poliamida Forro: 100% Poli\u00e9ster Lavable a m\u00e1quina a 30\u00b0.<\/li>\n<\/ul>","protected":false},"featured_media":6614,"comment_status":"open","ping_status":"closed","template":"","meta":{"_acf_changed":false,"inline_featured_image":false},"product_cat":[96],"product_tag":[],"genre":[],"class_list":{"0":"post-6620","1":"product","2":"type-product","3":"status-publish","4":"has-post-thumbnail","6":"product_cat-deportes","8":"first","9":"instock","10":"sale","11":"taxable","12":"shipping-taxable","13":"product-type-simple","14":"add-to-wishlist-after_add_to_cart"},"acf":[],"_links":{"self":[{"href":"https:\/\/compraencieza.es\/en\/wp-json\/wp\/v2\/product\/6620","targetHints":{"allow":["GET"]}}],"collection":[{"href":"https:\/\/compraencieza.es\/en\/wp-json\/wp\/v2\/product"}],"about":[{"href":"https:\/\/compraencieza.es\/en\/wp-json\/wp\/v2\/types\/product"}],"replies":[{"embeddable":true,"href":"https:\/\/compraencieza.es\/en\/wp-json\/wp\/v2\/comments?post=6620"}],"wp:featuredmedia":[{"embeddable":true,"href":"https:\/\/compraencieza.es\/en\/wp-json\/wp\/v2\/media\/6614"}],"wp:attachment":[{"href":"https:\/\/compraencieza.es\/en\/wp-json\/wp\/v2\/media?parent=6620"}],"wp:term":[{"taxonomy":"product_cat","embeddable":true,"href":"https:\/\/compraencieza.es\/en\/wp-json\/wp\/v2\/product_cat?post=6620"},{"taxonomy":"product_tag","embeddable":true,"href":"https:\/\/compraencieza.es\/en\/wp-json\/wp\/v2\/product_tag?post=6620"},{"taxonomy":"product_brand","embeddable":true,"href":"https:\/\/compraencieza.es\/en\/wp-json\/wp\/v2\/genre?post=6620"}],"curies":[{"name":"wp","href":"https:\/\/api.w.org\/{rel}","templated":true}]}}