{"id":6661,"date":"2025-01-16T13:03:06","date_gmt":"2025-01-16T12:03:06","guid":{"rendered":"https:\/\/compraencieza.es\/product\/bolso-de-hombro-pepe-moll-242250\/"},"modified":"2025-01-16T16:30:19","modified_gmt":"2025-01-16T15:30:19","slug":"bolso-de-hombro-pepe-moll-242250","status":"publish","type":"product","link":"https:\/\/compraencieza.es\/en\/product\/bolso-de-hombro-pepe-moll-242250\/","title":{"rendered":"Pepe Moll Shoulder Bag \u2013 242250"},"content":{"rendered":"<p><span style=\"padding: 0px;margin: 0px\" data-mce-style=\"padding: 0px; margin: 0px;\"><span style=\"padding: 0px;margin: 0px;font-weight: bold\" data-mce-style=\"padding: 0px; margin: 0px; font-weight: bold;\">Bolso de hombro 242250<\/span>\u00a0grande estilo shopper. El bolso perfecto para ir a la oficina o para volver a la universidad. Material tipo neopreno que hace que este dise\u00f1o sporty sea \u00fanico y especial. El complemento perfecto para esta temporada de oto\u00f1o invierno. Gracias a ser un bolso grande tambi\u00e9n es perfecto para viajar.\u00a0<\/span><\/p>\n<p><span style=\"padding: 0px;margin: 0px;font-weight: bold\" data-mce-style=\"padding: 0px; margin: 0px; font-weight: bold;\">Peta Vegan<\/span><\/p>\n<p>Nuestros bolsos han sido aprobados como veganos por la asociaci\u00f3n internacional PETA dedicada a la protecci\u00f3n de los animales y a promover el respeto por los mismos. Este bolso no utiliza materiales de origen animal, han sido aprobados como cruelty free y veganos.<\/p>","protected":false},"excerpt":{"rendered":"<p><span style=\"padding: 0px;margin: 0px\" data-mce-style=\"padding: 0px; margin: 0px;\">Este\u00a0<span style=\"padding: 0px;margin: 0px;font-weight: bold\" data-mce-style=\"padding: 0px; margin: 0px; font-weight: bold;\">bolso de hombro 242250<\/span>\u00a0es sin duda el bolso m\u00e1s esperado de la temporada. Un cl\u00e1sico que siempre est\u00e1 en tendencia, y que gracias a su tama\u00f1o cabe absolutamente TODO y perfecto para combinar con cualquier look. Su material tipo neopreno lo convierte en\u00a0<span style=\"padding: 0px;margin: 0px;font-weight: bold\" data-mce-style=\"padding: 0px; margin: 0px; font-weight: bold;\">el accesorio perfecto de cada temporada<\/span>. Original, atrevido y con diferentes estilos para que vayas a la \u00faltima.\u00a0<\/span><\/p>\n<ul>\n<li style=\"padding: 0px;margin: 0px 0px 0.5em;line-height: 1.8\" data-mce-style=\"padding: 0px; margin: 0px 0px 0.5em; line-height: 1.8;\"><span style=\"padding: 0px;margin: 0px\" data-mce-style=\"padding: 0px; margin: 0px;\">Asas\u00a0<span style=\"padding: 0px;margin: 0px;font-weight: bold\" data-mce-style=\"padding: 0px; margin: 0px; font-weight: bold;\">extra\u00edbles<\/span>\u00a0para que puedas disfrutar tambi\u00e9n de un bolso de mano.<\/span><\/li>\n<li style=\"padding: 0px;margin: 0px 0px 0.5em;line-height: 1.8\" data-mce-style=\"padding: 0px; margin: 0px 0px 0.5em; line-height: 1.8;\"><span style=\"padding: 0px;margin: 0px\" data-mce-style=\"padding: 0px; margin: 0px;\">Vegano<\/span><\/li>\n<li style=\"padding: 0px;margin: 0px 0px 0.5em;line-height: 1.8\" data-mce-style=\"padding: 0px; margin: 0px 0px 0.5em; line-height: 1.8;\"><span style=\"padding: 0px;margin: 0px\" data-mce-style=\"padding: 0px; margin: 0px;\">Material tipo\u00a0<span style=\"padding: 0px;margin: 0px;font-weight: bold\" data-mce-style=\"padding: 0px; margin: 0px; font-weight: bold;\">neopreno<\/span><\/span><\/li>\n<li style=\"padding: 0px;margin: 0px 0px 0.5em;line-height: 1.8\" data-mce-style=\"padding: 0px; margin: 0px 0px 0.5em; line-height: 1.8;\"><span style=\"padding: 0px;margin: 0px\" data-mce-style=\"padding: 0px; margin: 0px;\">Estilo sporty.<\/span><\/li>\n<li style=\"padding: 0px;margin: 0px 0px 0.5em;line-height: 1.8\" data-mce-style=\"padding: 0px; margin: 0px 0px 0.5em; line-height: 1.8;\"><span style=\"padding: 0px;margin: 0px\" data-mce-style=\"padding: 0px; margin: 0px;\">Bolsillos en el interior<\/span><\/li>\n<\/ul>\n<p><span style=\"padding: 0px;margin: 0px;font-weight: bold\" data-mce-style=\"padding: 0px; margin: 0px; font-weight: bold;\">Medidas:<\/span><\/p>\n<p>Alto: 26 cm<br style=\"padding: 0px;margin: 0px\" data-mce-style=\"padding: 0px; margin: 0px;\">Ancho: 41 cm<br style=\"padding: 0px;margin: 0px\" data-mce-style=\"padding: 0px; margin: 0px;\">Fondo: 12 cm<\/p>","protected":false},"featured_media":6660,"comment_status":"open","ping_status":"closed","template":"","meta":{"_acf_changed":false,"inline_featured_image":false},"product_cat":[108],"product_tag":[],"genre":[],"class_list":{"0":"post-6661","1":"product","2":"type-product","3":"status-publish","4":"has-post-thumbnail","6":"product_cat-moda","8":"first","9":"instock","10":"taxable","11":"shipping-taxable","12":"product-type-simple","13":"add-to-wishlist-after_add_to_cart"},"acf":[],"_links":{"self":[{"href":"https:\/\/compraencieza.es\/en\/wp-json\/wp\/v2\/product\/6661","targetHints":{"allow":["GET"]}}],"collection":[{"href":"https:\/\/compraencieza.es\/en\/wp-json\/wp\/v2\/product"}],"about":[{"href":"https:\/\/compraencieza.es\/en\/wp-json\/wp\/v2\/types\/product"}],"replies":[{"embeddable":true,"href":"https:\/\/compraencieza.es\/en\/wp-json\/wp\/v2\/comments?post=6661"}],"wp:featuredmedia":[{"embeddable":true,"href":"https:\/\/compraencieza.es\/en\/wp-json\/wp\/v2\/media\/6660"}],"wp:attachment":[{"href":"https:\/\/compraencieza.es\/en\/wp-json\/wp\/v2\/media?parent=6661"}],"wp:term":[{"taxonomy":"product_cat","embeddable":true,"href":"https:\/\/compraencieza.es\/en\/wp-json\/wp\/v2\/product_cat?post=6661"},{"taxonomy":"product_tag","embeddable":true,"href":"https:\/\/compraencieza.es\/en\/wp-json\/wp\/v2\/product_tag?post=6661"},{"taxonomy":"product_brand","embeddable":true,"href":"https:\/\/compraencieza.es\/en\/wp-json\/wp\/v2\/genre?post=6661"}],"curies":[{"name":"wp","href":"https:\/\/api.w.org\/{rel}","templated":true}]}}