{"id":6709,"date":"2025-01-16T16:43:11","date_gmt":"2025-01-16T15:43:11","guid":{"rendered":"https:\/\/compraencieza.es\/product\/reloj-marea-hombre-piel-negro-b41328-2\/"},"modified":"2025-01-16T16:44:10","modified_gmt":"2025-01-16T15:44:10","slug":"reloj-marea-hombre-piel-negro-b41328-2","status":"publish","type":"product","link":"https:\/\/compraencieza.es\/en\/product\/reloj-marea-hombre-piel-negro-b41328-2\/","title":{"rendered":"Marea Men&#039;s Black Leather Watch \u2013 B41328\/2"},"content":{"rendered":"<p>Reloj Marea para hombre fabricado en piel negra y acero inoxidable plateado. Estamos ante un reloj de dise\u00f1o elegante y atractivo compuesto por caja plateada de 44mm de di\u00e1metro con esfera negra que contiene \u00edndices en color blanco al igual que sus agujas movidas por mecanismo de cuarzo anal\u00f3gico protegido por cristal mineral. Su correa es de piel en color negro con pespunte naranja y cierre de hebilla. Resistente al agua hasta 50 metros.<\/p>","protected":false},"excerpt":{"rendered":"<p>Reloj Marea para hombre fabricado en piel negra y acero inoxidable plateado. Estamos ante un reloj de dise\u00f1o elegante y atractivo compuesto por caja plateada de 44mm de di\u00e1metro con esfera negra que contiene \u00edndices en color blanco al igual que sus agujas movidas por mecanismo de cuarzo anal\u00f3gico protegido por cristal mineral. Su correa es de piel en color negro con pespunte naranja y cierre de hebilla. Resistente al agua hasta 50 metros.<\/p>","protected":false},"featured_media":6708,"comment_status":"open","ping_status":"closed","template":"","meta":{"_acf_changed":false,"inline_featured_image":false},"product_cat":[108],"product_tag":[],"genre":[],"class_list":{"0":"post-6709","1":"product","2":"type-product","3":"status-publish","4":"has-post-thumbnail","6":"product_cat-moda","8":"first","9":"instock","10":"taxable","11":"shipping-taxable","12":"product-type-simple","13":"add-to-wishlist-after_add_to_cart"},"acf":[],"_links":{"self":[{"href":"https:\/\/compraencieza.es\/en\/wp-json\/wp\/v2\/product\/6709","targetHints":{"allow":["GET"]}}],"collection":[{"href":"https:\/\/compraencieza.es\/en\/wp-json\/wp\/v2\/product"}],"about":[{"href":"https:\/\/compraencieza.es\/en\/wp-json\/wp\/v2\/types\/product"}],"replies":[{"embeddable":true,"href":"https:\/\/compraencieza.es\/en\/wp-json\/wp\/v2\/comments?post=6709"}],"wp:featuredmedia":[{"embeddable":true,"href":"https:\/\/compraencieza.es\/en\/wp-json\/wp\/v2\/media\/6708"}],"wp:attachment":[{"href":"https:\/\/compraencieza.es\/en\/wp-json\/wp\/v2\/media?parent=6709"}],"wp:term":[{"taxonomy":"product_cat","embeddable":true,"href":"https:\/\/compraencieza.es\/en\/wp-json\/wp\/v2\/product_cat?post=6709"},{"taxonomy":"product_tag","embeddable":true,"href":"https:\/\/compraencieza.es\/en\/wp-json\/wp\/v2\/product_tag?post=6709"},{"taxonomy":"product_brand","embeddable":true,"href":"https:\/\/compraencieza.es\/en\/wp-json\/wp\/v2\/genre?post=6709"}],"curies":[{"name":"wp","href":"https:\/\/api.w.org\/{rel}","templated":true}]}}