{"id":6715,"date":"2025-01-16T16:54:13","date_gmt":"2025-01-16T15:54:13","guid":{"rendered":"https:\/\/compraencieza.es\/product\/reloj-marea-acero-b54206-2\/"},"modified":"2025-01-16T16:54:13","modified_gmt":"2025-01-16T15:54:13","slug":"reloj-marea-acero-b54206-2","status":"publish","type":"product","link":"https:\/\/compraencieza.es\/en\/product\/reloj-marea-acero-b54206-2\/","title":{"rendered":"Marea Steel Watch \u2013 B54206\/2"},"content":{"rendered":"<p><span>Reloj Marea Hombre B54206\/2 Acero. Caja de metal. Brazalete de acero. Esfera azul con detalles en rosado. Bisel plateado. Multifunci\u00f3n calendario. Sumergible 50m. 2 a\u00f1os de garant\u00eda. Ref. B54206\/2<\/span><\/p>","protected":false},"excerpt":{"rendered":"<p><span>Reloj Marea Hombre B54206\/2 Acero. Caja de metal. Brazalete de acero. Esfera azul con detalles en rosado. Bisel plateado. Multifunci\u00f3n calendario. Sumergible 50m. 2 a\u00f1os de garant\u00eda. Ref. B54206\/2<\/span><\/p>","protected":false},"featured_media":6714,"comment_status":"open","ping_status":"closed","template":"","meta":{"_acf_changed":false,"inline_featured_image":false},"product_cat":[108],"product_tag":[],"genre":[],"class_list":{"0":"post-6715","1":"product","2":"type-product","3":"status-publish","4":"has-post-thumbnail","6":"product_cat-moda","8":"first","9":"instock","10":"taxable","11":"shipping-taxable","12":"product-type-simple","13":"add-to-wishlist-after_add_to_cart"},"acf":[],"_links":{"self":[{"href":"https:\/\/compraencieza.es\/en\/wp-json\/wp\/v2\/product\/6715","targetHints":{"allow":["GET"]}}],"collection":[{"href":"https:\/\/compraencieza.es\/en\/wp-json\/wp\/v2\/product"}],"about":[{"href":"https:\/\/compraencieza.es\/en\/wp-json\/wp\/v2\/types\/product"}],"replies":[{"embeddable":true,"href":"https:\/\/compraencieza.es\/en\/wp-json\/wp\/v2\/comments?post=6715"}],"wp:featuredmedia":[{"embeddable":true,"href":"https:\/\/compraencieza.es\/en\/wp-json\/wp\/v2\/media\/6714"}],"wp:attachment":[{"href":"https:\/\/compraencieza.es\/en\/wp-json\/wp\/v2\/media?parent=6715"}],"wp:term":[{"taxonomy":"product_cat","embeddable":true,"href":"https:\/\/compraencieza.es\/en\/wp-json\/wp\/v2\/product_cat?post=6715"},{"taxonomy":"product_tag","embeddable":true,"href":"https:\/\/compraencieza.es\/en\/wp-json\/wp\/v2\/product_tag?post=6715"},{"taxonomy":"product_brand","embeddable":true,"href":"https:\/\/compraencieza.es\/en\/wp-json\/wp\/v2\/genre?post=6715"}],"curies":[{"name":"wp","href":"https:\/\/api.w.org\/{rel}","templated":true}]}}