{"id":6975,"date":"2025-03-06T13:13:38","date_gmt":"2025-03-06T12:13:38","guid":{"rendered":"https:\/\/compraencieza.es\/product\/camiseta-chushammer\/"},"modified":"2025-04-10T18:28:24","modified_gmt":"2025-04-10T16:28:24","slug":"camiseta-chushammer","status":"publish","type":"product","link":"https:\/\/compraencieza.es\/en\/product\/camiseta-chushammer\/","title":{"rendered":"Camiseta Chushammer"},"content":{"rendered":"","protected":false},"excerpt":{"rendered":"<p data-start=\"89\" data-end=\"122\"><strong data-start=\"89\" data-end=\"120\">Descubre m\u00e1s en nuestra web<\/strong><\/p>\n<p data-start=\"124\" data-end=\"260\">Este es solo uno de nuestros productos. Visita nuestra p\u00e1gina web para ver m\u00e1s opciones y encontrar toda la informaci\u00f3n que necesitas.<\/p>\n<p data-start=\"262\" data-end=\"302\"><a href=\"https:\/\/www.copyandprint.es\/\" rel=\"noopener\" data-start=\"265\" data-end=\"300\">Ver m\u00e1s productos aqu\u00ed<\/a><\/p>","protected":false},"featured_media":6974,"comment_status":"open","ping_status":"closed","template":"","meta":{"_acf_changed":false,"inline_featured_image":false},"product_cat":[99],"product_tag":[],"genre":[],"class_list":{"0":"post-6975","1":"product","2":"type-product","3":"status-publish","4":"has-post-thumbnail","6":"product_cat-copisterias","8":"first","9":"instock","10":"taxable","11":"shipping-taxable","12":"purchasable","13":"product-type-simple","14":"add-to-wishlist-after_add_to_cart"},"acf":[],"_links":{"self":[{"href":"https:\/\/compraencieza.es\/en\/wp-json\/wp\/v2\/product\/6975","targetHints":{"allow":["GET"]}}],"collection":[{"href":"https:\/\/compraencieza.es\/en\/wp-json\/wp\/v2\/product"}],"about":[{"href":"https:\/\/compraencieza.es\/en\/wp-json\/wp\/v2\/types\/product"}],"replies":[{"embeddable":true,"href":"https:\/\/compraencieza.es\/en\/wp-json\/wp\/v2\/comments?post=6975"}],"wp:featuredmedia":[{"embeddable":true,"href":"https:\/\/compraencieza.es\/en\/wp-json\/wp\/v2\/media\/6974"}],"wp:attachment":[{"href":"https:\/\/compraencieza.es\/en\/wp-json\/wp\/v2\/media?parent=6975"}],"wp:term":[{"taxonomy":"product_cat","embeddable":true,"href":"https:\/\/compraencieza.es\/en\/wp-json\/wp\/v2\/product_cat?post=6975"},{"taxonomy":"product_tag","embeddable":true,"href":"https:\/\/compraencieza.es\/en\/wp-json\/wp\/v2\/product_tag?post=6975"},{"taxonomy":"product_brand","embeddable":true,"href":"https:\/\/compraencieza.es\/en\/wp-json\/wp\/v2\/genre?post=6975"}],"curies":[{"name":"wp","href":"https:\/\/api.w.org\/{rel}","templated":true}]}}