{"id":6983,"date":"2025-03-06T14:03:30","date_gmt":"2025-03-06T13:03:30","guid":{"rendered":"https:\/\/compraencieza.es\/?post_type=product&#038;p=6983"},"modified":"2025-03-06T14:03:53","modified_gmt":"2025-03-06T13:03:53","slug":"cojin-chushammer-2","status":"publish","type":"product","link":"https:\/\/compraencieza.es\/en\/product\/cojin-chushammer-2\/","title":{"rendered":"Coj\u00edn Chushammer"},"content":{"rendered":"<p><\/p>","protected":false},"excerpt":{"rendered":"<p data-start=\"89\" data-end=\"122\">40&#215;40<\/p>\n<p data-start=\"89\" data-end=\"122\"><\/p>\n<p data-start=\"89\" data-end=\"122\"><strong data-start=\"89\" data-end=\"120\">Descubre m\u00e1s en nuestra web<\/strong><\/p>\n<p data-start=\"124\" data-end=\"260\">Este es solo uno de nuestros productos. Visita nuestra p\u00e1gina web para ver m\u00e1s opciones y encontrar toda la informaci\u00f3n que necesitas.<\/p>\n<p data-start=\"262\" data-end=\"302\">\ud83d\udc49\u00a0<a data-start=\"265\" data-end=\"300\" rel=\"noopener\" data-mce-href=\"https:\/\/www.copyandprint.es\/\" href=\"https:\/\/www.copyandprint.es\/\">Ver m\u00e1s productos aqu\u00ed<\/a><\/p>","protected":false},"featured_media":6982,"comment_status":"open","ping_status":"closed","template":"","meta":{"_acf_changed":false,"inline_featured_image":false},"product_cat":[99],"product_tag":[],"genre":[],"class_list":{"0":"post-6983","1":"product","2":"type-product","3":"status-publish","4":"has-post-thumbnail","6":"product_cat-copisterias","8":"first","9":"instock","10":"taxable","11":"shipping-taxable","12":"product-type-simple","13":"add-to-wishlist-after_add_to_cart"},"acf":[],"_links":{"self":[{"href":"https:\/\/compraencieza.es\/en\/wp-json\/wp\/v2\/product\/6983","targetHints":{"allow":["GET"]}}],"collection":[{"href":"https:\/\/compraencieza.es\/en\/wp-json\/wp\/v2\/product"}],"about":[{"href":"https:\/\/compraencieza.es\/en\/wp-json\/wp\/v2\/types\/product"}],"replies":[{"embeddable":true,"href":"https:\/\/compraencieza.es\/en\/wp-json\/wp\/v2\/comments?post=6983"}],"wp:featuredmedia":[{"embeddable":true,"href":"https:\/\/compraencieza.es\/en\/wp-json\/wp\/v2\/media\/6982"}],"wp:attachment":[{"href":"https:\/\/compraencieza.es\/en\/wp-json\/wp\/v2\/media?parent=6983"}],"wp:term":[{"taxonomy":"product_cat","embeddable":true,"href":"https:\/\/compraencieza.es\/en\/wp-json\/wp\/v2\/product_cat?post=6983"},{"taxonomy":"product_tag","embeddable":true,"href":"https:\/\/compraencieza.es\/en\/wp-json\/wp\/v2\/product_tag?post=6983"},{"taxonomy":"product_brand","embeddable":true,"href":"https:\/\/compraencieza.es\/en\/wp-json\/wp\/v2\/genre?post=6983"}],"curies":[{"name":"wp","href":"https:\/\/api.w.org\/{rel}","templated":true}]}}